{"id":2164,"date":"2021-03-14T16:45:28","date_gmt":"2021-03-14T15:45:28","guid":{"rendered":"http:\/\/www.swiss-driving-school.ch\/?post_type=product&#038;p=2164"},"modified":"2026-02-11T10:42:07","modified_gmt":"2026-02-11T09:42:07","slug":"helly-bikereyes","status":"publish","type":"product","link":"https:\/\/www.swiss-driving-school.ch\/?product=helly-bikereyes","title":{"rendered":"Helly Bikereyes Orange"},"content":{"rendered":"<p><b>Schutz und Design \u2013 Made for Biker!<\/b><\/p>\n<p>Ihren Ursprung haben Helly\u2019s Bikerbrillen, welche schon seit langem Kultstatus erreicht haben, in der MC-Szene. Es sind nicht nur Design und Ergonomie, die diese Brillen wohl zu den besten Bikerbrillen machen. Es ist vor allem die Vielzahl an technischen Innovationen, wie z.B. die hochwertigen HLT\u00ae Kunststoffgl\u00e4ser, die beide Augen wie einen Schutzschild umgeben. Alle Helly Bikereyes halten sogar einem Beschusstest stand! Die beidseitige Antibeschlagbeschichtung, sowie der UV400 Filter sorgen f\u00fcr sicheren Durchblick. Mit \u201eRX\u201c gekennzeichnete Brillen sind auch in Sehst\u00e4rke erh\u00e4ltlich.<\/p>\n<p>Patent Nr.:&nbsp;EU 000823992-0001<\/p>\n","protected":false},"excerpt":{"rendered":"<h1 class=\"fn\">Helly Bikereyes: moab 4<\/h1>\n<ul class=\"hh_listArtikelBeschreibung\">\n<li class=\"check\">Bikerbrille, Motorradbrille, Sonnenbrille<\/li>\n<li class=\"check\">Besonders ergonomische Passform<\/li>\n<li class=\"check\">Steinschlagbest\u00e4ndig durch Kunststoff-Sicherheitsglas<\/li>\n<li class=\"check\">HLT\u00ae Qualit\u00e4tsgl\u00e4ser f\u00fcr verzerrungsfreies &amp; pr\u00e4zises Sehen<\/li>\n<li class=\"check\">H-Flex\u00ae Technologie: Extrem flexible B\u00fcgel<\/li>\n<\/ul>\n<p>Die moab der 4. Generation&#8230; ist das Highlight f\u00fcr den Biker. Der optimale Sitz wird durch die super flexiblen B\u00fcgel, f\u00fcr perfekte Kopfanpassung, noch unterstrichen. Damit ist auch der druckfreie Sitz unter dem Helm gew\u00e4hrt. Die Helly Bikereyes Standardeigenschaften wie DIN- und ANSI Norm, UV400 Schutzfilter, beschussfeste Scheibe* oder beidseitige Antibeschlagbeschichtung wurde selbstverst\u00e4ndlich in die &#8222;moab 4&#8220; integriert. Gratis: Dieses Modell wird mit einem kostenlosen Microfaser Etui geliefert! *Labortest, bei dem mehrfach ein Steinschlag von \u00fcber 200 km\/h simuliert wird.<\/p>\n","protected":false},"featured_media":1882,"comment_status":"closed","ping_status":"closed","template":"","meta":{"ngg_post_thumbnail":0,"jetpack_post_was_ever_published":false,"jetpack_publicize_message":"","jetpack_publicize_feature_enabled":true,"jetpack_social_post_already_shared":true,"jetpack_social_options":{"image_generator_settings":{"template":"highway","default_image_id":0,"font":"","enabled":false},"version":2}},"product_brand":[],"product_cat":[25],"product_tag":[],"class_list":{"0":"post-2164","1":"product","2":"type-product","3":"status-publish","4":"has-post-thumbnail","6":"product_cat-unkategorisiert","8":"first","9":"instock","10":"taxable","11":"shipping-taxable","12":"purchasable","13":"product-type-simple"},"yoast_head":"<!-- This site is optimized with the Yoast SEO Premium plugin v27.3 (Yoast SEO v27.5) - https:\/\/yoast.com\/product\/yoast-seo-premium-wordpress\/ -->\n<title>Helly Bikereyes Orange - Swiss Driving School<\/title>\n<meta name=\"robots\" content=\"index, follow, max-snippet:-1, max-image-preview:large, max-video-preview:-1\" \/>\n<link rel=\"canonical\" href=\"https:\/\/www.swiss-driving-school.ch\/?product=helly-bikereyes\" \/>\n<meta property=\"og:locale\" content=\"de_DE\" \/>\n<meta property=\"og:type\" content=\"article\" \/>\n<meta property=\"og:title\" content=\"Helly Bikereyes Orange\" \/>\n<meta property=\"og:description\" content=\"Helly Bikereyes: moab 4   Bikerbrille, Motorradbrille, Sonnenbrille  Besonders ergonomische Passform  Steinschlagbest\u00e4ndig durch Kunststoff-Sicherheitsglas  HLT\u00ae Qualit\u00e4tsgl\u00e4ser f\u00fcr verzerrungsfreies &amp; pr\u00e4zises Sehen  H-Flex\u00ae Technologie: Extrem flexible B\u00fcgel  Die moab der 4. Generation... ist das Highlight f\u00fcr den Biker. Der optimale Sitz wird durch die super flexiblen B\u00fcgel, f\u00fcr perfekte Kopfanpassung, noch unterstrichen. Damit ist auch der druckfreie Sitz unter dem Helm gew\u00e4hrt. Die Helly Bikereyes Standardeigenschaften wie DIN- und ANSI Norm, UV400 Schutzfilter, beschussfeste Scheibe* oder beidseitige Antibeschlagbeschichtung wurde selbstverst\u00e4ndlich in die &quot;moab 4&quot; integriert. Gratis: Dieses Modell wird mit einem kostenlosen Microfaser Etui geliefert! *Labortest, bei dem mehrfach ein Steinschlag von \u00fcber 200 km\/h simuliert wird.\" \/>\n<meta property=\"og:url\" content=\"https:\/\/www.swiss-driving-school.ch\/?product=helly-bikereyes\" \/>\n<meta property=\"og:site_name\" content=\"Swiss Driving School\" \/>\n<meta property=\"article:modified_time\" content=\"2026-02-11T09:42:07+00:00\" \/>\n<meta property=\"og:image\" content=\"https:\/\/i0.wp.com\/www.swiss-driving-school.ch\/wp-content\/uploads\/2020\/06\/helly-bikereyes-biker-sonnenbrille-moab-4-527-m.png?fit=680%2C425&ssl=1\" \/>\n\t<meta property=\"og:image:width\" content=\"680\" \/>\n\t<meta property=\"og:image:height\" content=\"425\" \/>\n\t<meta property=\"og:image:type\" content=\"image\/png\" \/>\n<meta name=\"twitter:card\" content=\"summary_large_image\" \/>\n<script type=\"application\/ld+json\" class=\"yoast-schema-graph\">{\"@context\":\"https:\\\/\\\/schema.org\",\"@graph\":[{\"@type\":\"WebPage\",\"@id\":\"https:\\\/\\\/www.swiss-driving-school.ch\\\/?product=helly-bikereyes\",\"url\":\"https:\\\/\\\/www.swiss-driving-school.ch\\\/?product=helly-bikereyes\",\"name\":\"Helly Bikereyes Orange - Swiss Driving School\",\"isPartOf\":{\"@id\":\"https:\\\/\\\/www.swiss-driving-school.ch\\\/#website\"},\"primaryImageOfPage\":{\"@id\":\"https:\\\/\\\/www.swiss-driving-school.ch\\\/?product=helly-bikereyes#primaryimage\"},\"image\":{\"@id\":\"https:\\\/\\\/www.swiss-driving-school.ch\\\/?product=helly-bikereyes#primaryimage\"},\"thumbnailUrl\":\"https:\\\/\\\/i0.wp.com\\\/www.swiss-driving-school.ch\\\/wp-content\\\/uploads\\\/2020\\\/06\\\/helly-bikereyes-biker-sonnenbrille-moab-4-527-m.png?fit=680%2C425&ssl=1\",\"datePublished\":\"2021-03-14T15:45:28+00:00\",\"dateModified\":\"2026-02-11T09:42:07+00:00\",\"breadcrumb\":{\"@id\":\"https:\\\/\\\/www.swiss-driving-school.ch\\\/?product=helly-bikereyes#breadcrumb\"},\"inLanguage\":\"de\",\"potentialAction\":[{\"@type\":\"ReadAction\",\"target\":[\"https:\\\/\\\/www.swiss-driving-school.ch\\\/?product=helly-bikereyes\"]}]},{\"@type\":\"ImageObject\",\"inLanguage\":\"de\",\"@id\":\"https:\\\/\\\/www.swiss-driving-school.ch\\\/?product=helly-bikereyes#primaryimage\",\"url\":\"https:\\\/\\\/i0.wp.com\\\/www.swiss-driving-school.ch\\\/wp-content\\\/uploads\\\/2020\\\/06\\\/helly-bikereyes-biker-sonnenbrille-moab-4-527-m.png?fit=680%2C425&ssl=1\",\"contentUrl\":\"https:\\\/\\\/i0.wp.com\\\/www.swiss-driving-school.ch\\\/wp-content\\\/uploads\\\/2020\\\/06\\\/helly-bikereyes-biker-sonnenbrille-moab-4-527-m.png?fit=680%2C425&ssl=1\",\"width\":680,\"height\":425},{\"@type\":\"BreadcrumbList\",\"@id\":\"https:\\\/\\\/www.swiss-driving-school.ch\\\/?product=helly-bikereyes#breadcrumb\",\"itemListElement\":[{\"@type\":\"ListItem\",\"position\":1,\"name\":\"Startseite\",\"item\":\"https:\\\/\\\/www.swiss-driving-school.ch\\\/\"},{\"@type\":\"ListItem\",\"position\":2,\"name\":\"Shop\",\"item\":\"https:\\\/\\\/www.swiss-driving-school.ch\\\/?page_id=2143\"},{\"@type\":\"ListItem\",\"position\":3,\"name\":\"Helly Bikereyes Orange\"}]},{\"@type\":\"WebSite\",\"@id\":\"https:\\\/\\\/www.swiss-driving-school.ch\\\/#website\",\"url\":\"https:\\\/\\\/www.swiss-driving-school.ch\\\/\",\"name\":\"Swiss Driving School\",\"description\":\"Fahrschule\",\"publisher\":{\"@id\":\"https:\\\/\\\/www.swiss-driving-school.ch\\\/#organization\"},\"potentialAction\":[{\"@type\":\"SearchAction\",\"target\":{\"@type\":\"EntryPoint\",\"urlTemplate\":\"https:\\\/\\\/www.swiss-driving-school.ch\\\/?s={search_term_string}\"},\"query-input\":{\"@type\":\"PropertyValueSpecification\",\"valueRequired\":true,\"valueName\":\"search_term_string\"}}],\"inLanguage\":\"de\"},{\"@type\":\"Organization\",\"@id\":\"https:\\\/\\\/www.swiss-driving-school.ch\\\/#organization\",\"name\":\"Swiss Driving School\",\"url\":\"https:\\\/\\\/www.swiss-driving-school.ch\\\/\",\"logo\":{\"@type\":\"ImageObject\",\"inLanguage\":\"de\",\"@id\":\"https:\\\/\\\/www.swiss-driving-school.ch\\\/#\\\/schema\\\/logo\\\/image\\\/\",\"url\":\"https:\\\/\\\/i0.wp.com\\\/www.swiss-driving-school.ch\\\/wp-content\\\/uploads\\\/2015\\\/06\\\/HomeLogo.jpg?fit=300%2C200&ssl=1\",\"contentUrl\":\"https:\\\/\\\/i0.wp.com\\\/www.swiss-driving-school.ch\\\/wp-content\\\/uploads\\\/2015\\\/06\\\/HomeLogo.jpg?fit=300%2C200&ssl=1\",\"width\":300,\"height\":200,\"caption\":\"Swiss Driving School\"},\"image\":{\"@id\":\"https:\\\/\\\/www.swiss-driving-school.ch\\\/#\\\/schema\\\/logo\\\/image\\\/\"}}]}<\/script>\n<!-- \/ Yoast SEO Premium plugin. -->","yoast_head_json":{"title":"Helly Bikereyes Orange - Swiss Driving School","robots":{"index":"index","follow":"follow","max-snippet":"max-snippet:-1","max-image-preview":"max-image-preview:large","max-video-preview":"max-video-preview:-1"},"canonical":"https:\/\/www.swiss-driving-school.ch\/?product=helly-bikereyes","og_locale":"de_DE","og_type":"article","og_title":"Helly Bikereyes Orange","og_description":"Helly Bikereyes: moab 4   Bikerbrille, Motorradbrille, Sonnenbrille  Besonders ergonomische Passform  Steinschlagbest\u00e4ndig durch Kunststoff-Sicherheitsglas  HLT\u00ae Qualit\u00e4tsgl\u00e4ser f\u00fcr verzerrungsfreies &amp; pr\u00e4zises Sehen  H-Flex\u00ae Technologie: Extrem flexible B\u00fcgel  Die moab der 4. Generation... ist das Highlight f\u00fcr den Biker. Der optimale Sitz wird durch die super flexiblen B\u00fcgel, f\u00fcr perfekte Kopfanpassung, noch unterstrichen. Damit ist auch der druckfreie Sitz unter dem Helm gew\u00e4hrt. Die Helly Bikereyes Standardeigenschaften wie DIN- und ANSI Norm, UV400 Schutzfilter, beschussfeste Scheibe* oder beidseitige Antibeschlagbeschichtung wurde selbstverst\u00e4ndlich in die \"moab 4\" integriert. Gratis: Dieses Modell wird mit einem kostenlosen Microfaser Etui geliefert! *Labortest, bei dem mehrfach ein Steinschlag von \u00fcber 200 km\/h simuliert wird.","og_url":"https:\/\/www.swiss-driving-school.ch\/?product=helly-bikereyes","og_site_name":"Swiss Driving School","article_modified_time":"2026-02-11T09:42:07+00:00","og_image":[{"width":680,"height":425,"url":"https:\/\/i0.wp.com\/www.swiss-driving-school.ch\/wp-content\/uploads\/2020\/06\/helly-bikereyes-biker-sonnenbrille-moab-4-527-m.png?fit=680%2C425&ssl=1","type":"image\/png"}],"twitter_card":"summary_large_image","schema":{"@context":"https:\/\/schema.org","@graph":[{"@type":"WebPage","@id":"https:\/\/www.swiss-driving-school.ch\/?product=helly-bikereyes","url":"https:\/\/www.swiss-driving-school.ch\/?product=helly-bikereyes","name":"Helly Bikereyes Orange - Swiss Driving School","isPartOf":{"@id":"https:\/\/www.swiss-driving-school.ch\/#website"},"primaryImageOfPage":{"@id":"https:\/\/www.swiss-driving-school.ch\/?product=helly-bikereyes#primaryimage"},"image":{"@id":"https:\/\/www.swiss-driving-school.ch\/?product=helly-bikereyes#primaryimage"},"thumbnailUrl":"https:\/\/i0.wp.com\/www.swiss-driving-school.ch\/wp-content\/uploads\/2020\/06\/helly-bikereyes-biker-sonnenbrille-moab-4-527-m.png?fit=680%2C425&ssl=1","datePublished":"2021-03-14T15:45:28+00:00","dateModified":"2026-02-11T09:42:07+00:00","breadcrumb":{"@id":"https:\/\/www.swiss-driving-school.ch\/?product=helly-bikereyes#breadcrumb"},"inLanguage":"de","potentialAction":[{"@type":"ReadAction","target":["https:\/\/www.swiss-driving-school.ch\/?product=helly-bikereyes"]}]},{"@type":"ImageObject","inLanguage":"de","@id":"https:\/\/www.swiss-driving-school.ch\/?product=helly-bikereyes#primaryimage","url":"https:\/\/i0.wp.com\/www.swiss-driving-school.ch\/wp-content\/uploads\/2020\/06\/helly-bikereyes-biker-sonnenbrille-moab-4-527-m.png?fit=680%2C425&ssl=1","contentUrl":"https:\/\/i0.wp.com\/www.swiss-driving-school.ch\/wp-content\/uploads\/2020\/06\/helly-bikereyes-biker-sonnenbrille-moab-4-527-m.png?fit=680%2C425&ssl=1","width":680,"height":425},{"@type":"BreadcrumbList","@id":"https:\/\/www.swiss-driving-school.ch\/?product=helly-bikereyes#breadcrumb","itemListElement":[{"@type":"ListItem","position":1,"name":"Startseite","item":"https:\/\/www.swiss-driving-school.ch\/"},{"@type":"ListItem","position":2,"name":"Shop","item":"https:\/\/www.swiss-driving-school.ch\/?page_id=2143"},{"@type":"ListItem","position":3,"name":"Helly Bikereyes Orange"}]},{"@type":"WebSite","@id":"https:\/\/www.swiss-driving-school.ch\/#website","url":"https:\/\/www.swiss-driving-school.ch\/","name":"Swiss Driving School","description":"Fahrschule","publisher":{"@id":"https:\/\/www.swiss-driving-school.ch\/#organization"},"potentialAction":[{"@type":"SearchAction","target":{"@type":"EntryPoint","urlTemplate":"https:\/\/www.swiss-driving-school.ch\/?s={search_term_string}"},"query-input":{"@type":"PropertyValueSpecification","valueRequired":true,"valueName":"search_term_string"}}],"inLanguage":"de"},{"@type":"Organization","@id":"https:\/\/www.swiss-driving-school.ch\/#organization","name":"Swiss Driving School","url":"https:\/\/www.swiss-driving-school.ch\/","logo":{"@type":"ImageObject","inLanguage":"de","@id":"https:\/\/www.swiss-driving-school.ch\/#\/schema\/logo\/image\/","url":"https:\/\/i0.wp.com\/www.swiss-driving-school.ch\/wp-content\/uploads\/2015\/06\/HomeLogo.jpg?fit=300%2C200&ssl=1","contentUrl":"https:\/\/i0.wp.com\/www.swiss-driving-school.ch\/wp-content\/uploads\/2015\/06\/HomeLogo.jpg?fit=300%2C200&ssl=1","width":300,"height":200,"caption":"Swiss Driving School"},"image":{"@id":"https:\/\/www.swiss-driving-school.ch\/#\/schema\/logo\/image\/"}}]}},"jetpack_publicize_connections":[],"jetpack_sharing_enabled":true,"_links":{"self":[{"href":"https:\/\/www.swiss-driving-school.ch\/index.php?rest_route=\/wp\/v2\/product\/2164","targetHints":{"allow":["GET"]}}],"collection":[{"href":"https:\/\/www.swiss-driving-school.ch\/index.php?rest_route=\/wp\/v2\/product"}],"about":[{"href":"https:\/\/www.swiss-driving-school.ch\/index.php?rest_route=\/wp\/v2\/types\/product"}],"replies":[{"embeddable":true,"href":"https:\/\/www.swiss-driving-school.ch\/index.php?rest_route=%2Fwp%2Fv2%2Fcomments&post=2164"}],"wp:featuredmedia":[{"embeddable":true,"href":"https:\/\/www.swiss-driving-school.ch\/index.php?rest_route=\/wp\/v2\/media\/1882"}],"wp:attachment":[{"href":"https:\/\/www.swiss-driving-school.ch\/index.php?rest_route=%2Fwp%2Fv2%2Fmedia&parent=2164"}],"wp:term":[{"taxonomy":"product_brand","embeddable":true,"href":"https:\/\/www.swiss-driving-school.ch\/index.php?rest_route=%2Fwp%2Fv2%2Fproduct_brand&post=2164"},{"taxonomy":"product_cat","embeddable":true,"href":"https:\/\/www.swiss-driving-school.ch\/index.php?rest_route=%2Fwp%2Fv2%2Fproduct_cat&post=2164"},{"taxonomy":"product_tag","embeddable":true,"href":"https:\/\/www.swiss-driving-school.ch\/index.php?rest_route=%2Fwp%2Fv2%2Fproduct_tag&post=2164"}],"curies":[{"name":"wp","href":"https:\/\/api.w.org\/{rel}","templated":true}]}}