{"id":788,"date":"2015-06-26T19:41:45","date_gmt":"2015-06-26T17:41:45","guid":{"rendered":"http:\/\/www.swiss-driving-school.ch\/?page_id=788"},"modified":"2026-05-05T20:29:17","modified_gmt":"2026-05-05T18:29:17","slug":"verkehrskundekurs-vku-zuerich-swiss-driving-school","status":"publish","type":"page","link":"https:\/\/www.swiss-driving-school.ch\/?page_id=788","title":{"rendered":"Theorie \/ VKU"},"content":{"rendered":"<h1>Ihr Weg zum F\u00fchrerschein in Z\u00fcrich &#8211; Theorie, VKU &amp; praktische Ausbildung<\/h1>\n<p><strong>Theorieausbildung<\/strong><\/p>\n<p>Nat\u00fcrlich k\u00f6nnen Sie sich auch selbst\u00e4ndig auf die Theorie Pr\u00fcfung vorbereiten &#8211; zum Beispiel mit einer Lern- App oder offiziellen Lehrmitteln.<\/p>\n<p>Beachte Sie jedoch :<\/p>\n<p>Viele Lernende <strong>untersch\u00e4tzen<\/strong> die Theorie .<\/p>\n<p>Wer die Regeln nur auswendig lernt, aber nicht versteht, hat sp\u00e4ter h\u00e4ufig Schwierigkeiten im Strassenverkehr .<\/p>\n<p>Dies kann die Anzahl ben\u00f6tigten Fahrlektionen erh\u00f6hen. Alternative: Selbstst\u00e4ndiges Lernen<\/p>\n<p>Eine fundierte Ausbildung zahlt sich daher langfristig aus.<\/p>\n<p><strong>Verkehrskundeunterricht (VKU) in Z\u00fcrich<\/strong><\/p>\n<p>Der Verkehrskundeunterricht ( VKU ) ist in der Schweiz obligatorisch und wird in 2027 neu \u00fcberarbeitet.<\/p>\n<p>F\u00fcr die Kategorien :<\/p>\n<ul>\n<li>A<\/li>\n<li>A1<\/li>\n<li>B<\/li>\n<\/ul>\n<p>Im Verkehrskundeunterricht ( VKU )lernen Sie:<\/p>\n<ul>\n<li>Gefahren fr\u00fchzeitig erkennen<\/li>\n<li>defensiv zu fahren<\/li>\n<li>Risiken richtig einsch\u00e4tzen<\/li>\n<li>sichere Entscheidungen im Verkehr zu treffen<\/li>\n<li>Assistenzsysteme richtig einzusetzen<\/li>\n<\/ul>\n<p><strong>Kursdauer:<\/strong><\/p>\n<p>4 Lektionen a 2 Std. oder 2 Lektionen a 4 Std.<\/p>\n<p>Nach erfolgreicher Teilnahme erhalten Sie die offizielle Best\u00e4tigung &#8211; eine Voraussetzung f\u00fcr die praktische F\u00fchrerpr\u00fcfung.<\/p>\n<p><strong>Was sagen unsere Kunden auf den Portalen Fahrlehrervergleich und Google ?&nbsp;<\/strong><\/p>\n<div class=\"Y3BBE\" data-sfc-cp=\"\" data-hveid=\"CAIQAA\" data-complete=\"true\"><strong class=\"Yjhzub\" data-complete=\"true\">Hauptaspekte der Bewertungen:<\/strong><button class=\"rBl3me\" tabindex=\"0\" data-amic=\"true\" data-icl-uuid=\"72b240f6-f5c8-4998-97c6-89b83820595e\" aria-label=\"Zugeh\u00f6rige Links ansehen\" data-wiz-attrbind=\"disabled=b8eHvb_l\/C5gNJc;aria-label=b8eHvb_l\/bOjMyf;class=b8eHvb_l\/UpSNec\" data-ved=\"2ahUKEwik4oDOs7qSAxX7hP0HHTj-LBcQye0OegQIAhAB\"><\/button><\/div>\n<ul class=\"KsbFXc U6u95\" data-complete=\"true\">\n<li data-hveid=\"CAMQAA\" data-complete=\"true\"><span class=\"T286Pc\" data-sfc-cp=\"\" data-complete=\"true\"><strong class=\"Yjhzub\" data-complete=\"true\">Fahrlehrer:<\/strong> Werden als geduldig, professionell und kompetent beschrieben.<\/span><\/li>\n<li data-hveid=\"CAMQAQ\" data-complete=\"true\"><span class=\"T286Pc\" data-sfc-cp=\"\" data-complete=\"true\"><strong class=\"Yjhzub\" data-complete=\"true\">Unterricht:<\/strong> Praxisnah, sicher und erfolgreich.<\/span><\/li>\n<li data-hveid=\"CAMQAg\" data-complete=\"true\"><span class=\"T286Pc\" data-sfc-cp=\"\" data-complete=\"true\"><strong class=\"Yjhzub\" data-complete=\"true\">Erfolgsquote:<\/strong> Sch\u00fcler berichten, die Pr\u00fcfung dank guter Begleitung bestanden zu haben.<\/span><\/li>\n<li data-hveid=\"CAMQAw\" data-complete=\"true\"><span class=\"T286Pc\" data-sfc-cp=\"\" data-complete=\"true\"><strong class=\"Yjhzub\" data-complete=\"true\">Empfehlung:<\/strong> Die Schule wird als sehr empfehlenswert eingestuft.<\/span><span class=\"uJ19be notranslate\" data-wiz-uids=\"b8eHvb_12,b8eHvb_13\" data-complete=\"true\"><span class=\"vKEkVd\" data-animation-atomic=\"\" data-wiz-attrbind=\"class=b8eHvb_11\/TKHnVd\">&nbsp;<\/span><\/span><\/li>\n<\/ul>\n<p>&nbsp; &nbsp; &nbsp; &nbsp; &nbsp; &nbsp; &nbsp; &nbsp; &nbsp; &nbsp; &nbsp; &nbsp; &nbsp; &nbsp;<strong>Link STVA ZH &nbsp; &nbsp; &nbsp; &nbsp; &nbsp; &nbsp; &nbsp; &nbsp; &nbsp; &nbsp; &nbsp; &nbsp; &nbsp; &nbsp; &nbsp; &nbsp; &nbsp; &nbsp; &nbsp; &nbsp; &nbsp; &nbsp; &nbsp; &nbsp; &nbsp; &nbsp; &nbsp; &nbsp; &nbsp; &nbsp; &nbsp; &nbsp; &nbsp; &nbsp; &nbsp;Link STVA AG<\/strong><\/p>\n<p><a href=\"https:\/\/www.zh.ch\/de\/mobilitaet\/fuehrerausweis-fahren-lernen\/fahren-lernen\/theoriepruefung.html\">&nbsp; &nbsp; &nbsp; &nbsp; &nbsp; &nbsp; &nbsp; &nbsp; &nbsp; &nbsp; &nbsp; &nbsp;<img data-recalc-dims=\"1\" loading=\"lazy\" decoding=\"async\" class=\"alignnone size-thumbnail wp-image-4192\" src=\"https:\/\/i0.wp.com\/www.swiss-driving-school.ch\/wp-content\/uploads\/2026\/05\/SDSZH.png?resize=150%2C150&#038;ssl=1\" alt=\"\" width=\"150\" height=\"150\" srcset=\"https:\/\/i0.wp.com\/www.swiss-driving-school.ch\/wp-content\/uploads\/2026\/05\/SDSZH.png?resize=150%2C150&amp;ssl=1 150w, https:\/\/i0.wp.com\/www.swiss-driving-school.ch\/wp-content\/uploads\/2026\/05\/SDSZH.png?resize=300%2C300&amp;ssl=1 300w, https:\/\/i0.wp.com\/www.swiss-driving-school.ch\/wp-content\/uploads\/2026\/05\/SDSZH.png?resize=1024%2C1024&amp;ssl=1 1024w, https:\/\/i0.wp.com\/www.swiss-driving-school.ch\/wp-content\/uploads\/2026\/05\/SDSZH.png?resize=1536%2C1536&amp;ssl=1 1536w, https:\/\/i0.wp.com\/www.swiss-driving-school.ch\/wp-content\/uploads\/2026\/05\/SDSZH.png?resize=2048%2C2048&amp;ssl=1 2048w, https:\/\/i0.wp.com\/www.swiss-driving-school.ch\/wp-content\/uploads\/2026\/05\/SDSZH.png?resize=100%2C100&amp;ssl=1 100w\" sizes=\"auto, (max-width: 150px) 100vw, 150px\" \/>&nbsp; &nbsp; &nbsp; &nbsp; &nbsp; &nbsp; &nbsp; &nbsp; &nbsp; &nbsp; &nbsp; &nbsp; &nbsp; &nbsp; &nbsp; &nbsp; &nbsp; &nbsp; &nbsp; &nbsp; &nbsp; &nbsp; &nbsp; &nbsp; &nbsp; &nbsp; &nbsp; &nbsp; &nbsp; &nbsp;<\/a><a href=\"https:\/\/www.ag.ch\/de\/themen\/mobilitaet-verkehr\/strassenverkehr\/lernfahrausweis-beantragen\"><img data-recalc-dims=\"1\" loading=\"lazy\" decoding=\"async\" class=\"alignnone size-thumbnail wp-image-4193\" src=\"https:\/\/i0.wp.com\/www.swiss-driving-school.ch\/wp-content\/uploads\/2026\/05\/SDSAGPNG.png?resize=150%2C150&#038;ssl=1\" alt=\"\" width=\"150\" height=\"150\" srcset=\"https:\/\/i0.wp.com\/www.swiss-driving-school.ch\/wp-content\/uploads\/2026\/05\/SDSAGPNG.png?resize=150%2C150&amp;ssl=1 150w, https:\/\/i0.wp.com\/www.swiss-driving-school.ch\/wp-content\/uploads\/2026\/05\/SDSAGPNG.png?resize=300%2C300&amp;ssl=1 300w, https:\/\/i0.wp.com\/www.swiss-driving-school.ch\/wp-content\/uploads\/2026\/05\/SDSAGPNG.png?resize=1024%2C1024&amp;ssl=1 1024w, https:\/\/i0.wp.com\/www.swiss-driving-school.ch\/wp-content\/uploads\/2026\/05\/SDSAGPNG.png?resize=1536%2C1536&amp;ssl=1 1536w, https:\/\/i0.wp.com\/www.swiss-driving-school.ch\/wp-content\/uploads\/2026\/05\/SDSAGPNG.png?resize=2048%2C2048&amp;ssl=1 2048w, https:\/\/i0.wp.com\/www.swiss-driving-school.ch\/wp-content\/uploads\/2026\/05\/SDSAGPNG.png?resize=100%2C100&amp;ssl=1 100w\" sizes=\"auto, (max-width: 150px) 100vw, 150px\" \/><\/a><a href=\"https:\/\/www.swiss-driving-school.ch\/wp-content\/uploads\/2026\/05\/SDSZH.png\"> &nbsp; &nbsp;&nbsp;<\/a><\/p>\n<div class=\"entry-content\">\n<div class=\"entry-content\">\n<div>\n<p>&nbsp;<\/p>\n<\/div>\n<p><iframe loading=\"lazy\" src=\"https:\/\/iframe.vku-pgs.asa.ch\/de\/public\/coursegroup\/all\/VktVXzQ0NQ==\/1\/vku\/\" width=\"908\" height=\"908\"><\/iframe><\/p>\n<p>&nbsp;<\/p>\n<style type=\"text\/css\" scoped=\"scoped\">\n\/* map style fix *\/\n.sc-map img{ max-width: inherit !important; }\n<\/style>\n<div class=\"sc-map\"><div class=\"wrap\">\n<div id=\"google_map_176\" class=\"google_map google_map\" style=\"height:300px\"><\/div>\n<script type=\"text\/javascript\">\njQuery(document).ready(function($) {\n\n\tjQuery(\"#google_map_176\").bind('initGmap',function(){\n\t\tjQuery(this).gmap3({\n\t\t\tmap:{\n\t\t\t\taddress: 'Schaffhauserstrasse 50 Opfikon',\n\t\t\t\toptions:{\n\t\t\t\t\t\n\t\t\t\t\tmapTypeId: google.maps.MapTypeId.ROADMAP,\n\t\t\t\t\tzoom: 17,\n\t\t\t\t\tscrollwheel:true\n\t\t\t\t}\n\t\t\t},\n\t\t\tmarker:{\n\t\t\t\taddress: 'Schaffhauserstrasse 50 Opfikon',\n\t\t\t    \n\t\t\t    content: \"\"\n\t\t\t}\n\t\t});\n\t\tjQuery(this).data(\"gMapInited\",true);\n\t}).data(\"gMapInited\",false);\n\t\/\/ in tabs shortcode\n\tvar tabs = jQuery(\"#google_map_176\").parents('.ait-tabs');\n\tif(tabs.size()!=0){\n\t\ttabs.bind('tabsshow', function(event, ui) {\n\t\t\tjQuery(ui.panel).find('.google_map').each(function(){\n\t\t\t\tif(jQuery(this).data(\"gMapInited\")==false){\n\t\t\t\t\tjQuery(this).trigger('initGmap');\n\t\t\t\t}\n\t\t\t});\n\t\t});\n\t}else{\n\t\tjQuery(\"#google_map_176\").trigger('initGmap');\n\t}\n});\n<\/script>\n<\/div><\/div>\n<p>&nbsp;<\/p>\n<p>&nbsp;<\/p>\n<\/div>\n<\/div>\n\n\n<p><\/p>\n","protected":false},"excerpt":{"rendered":"<p>Ihr Weg zum F\u00fchrerschein in Z\u00fcrich &#8211; Theorie, VKU &amp; praktische Ausbildung Theorieausbildung Nat\u00fcrlich k\u00f6nnen Sie sich auch selbst\u00e4ndig auf die Theorie Pr\u00fcfung vorbereiten &#8211; zum Beispiel mit einer Lern- App oder offiziellen Lehrmitteln. Beachte Sie jedoch : Viele Lernende untersch\u00e4tzen die Theorie . Wer die Regeln nur auswendig lernt, aber nicht versteht, hat sp\u00e4ter [&hellip;]<\/p>\n","protected":false},"author":1,"featured_media":0,"parent":0,"menu_order":0,"comment_status":"closed","ping_status":"closed","template":"","meta":{"ngg_post_thumbnail":0,"jetpack_post_was_ever_published":false,"footnotes":""},"class_list":["post-788","page","type-page","status-publish","hentry"],"yoast_head":"<!-- This site is optimized with the Yoast SEO Premium plugin v27.5 (Yoast SEO v27.5) - https:\/\/yoast.com\/product\/yoast-seo-premium-wordpress\/ -->\n<title>Verkehrskunde Kurs Theorie Z\u00fcrich<\/title>\n<meta name=\"description\" content=\"VKU Kurs Z\u00fcrich , Verkehrskunde Unterricht, Theorie Kurs pers\u00f6nliche Betreuung , moderne Lokalit\u00e4t , Jetzt anmelden\" \/>\n<meta name=\"robots\" content=\"index, follow, max-snippet:-1, max-image-preview:large, max-video-preview:-1\" \/>\n<link rel=\"canonical\" href=\"https:\/\/www.swiss-driving-school.ch\/?page_id=788\" \/>\n<meta property=\"og:locale\" content=\"de_DE\" \/>\n<meta property=\"og:type\" content=\"article\" \/>\n<meta property=\"og:title\" content=\"Theorie \/ VKU\" \/>\n<meta property=\"og:description\" content=\"VKU Kurs Z\u00fcrich , Verkehrskunde Unterricht, Theorie Kurs pers\u00f6nliche Betreuung , moderne Lokalit\u00e4t , Jetzt anmelden\" \/>\n<meta property=\"og:url\" content=\"https:\/\/www.swiss-driving-school.ch\/?page_id=788\" \/>\n<meta property=\"og:site_name\" content=\"Swiss Driving School\" \/>\n<meta property=\"article:modified_time\" content=\"2026-05-05T18:29:17+00:00\" \/>\n<meta property=\"og:image\" content=\"https:\/\/www.swiss-driving-school.ch\/wp-content\/uploads\/2026\/05\/SDSZH-150x150.png\" \/>\n<meta name=\"twitter:card\" content=\"summary_large_image\" \/>\n<meta name=\"twitter:label1\" content=\"Gesch\u00e4tzte Lesezeit\" \/>\n\t<meta name=\"twitter:data1\" content=\"2\u00a0Minuten\" \/>\n<script type=\"application\/ld+json\" class=\"yoast-schema-graph\">{\"@context\":\"https:\\\/\\\/schema.org\",\"@graph\":[{\"@type\":\"WebPage\",\"@id\":\"https:\\\/\\\/www.swiss-driving-school.ch\\\/?page_id=788\",\"url\":\"https:\\\/\\\/www.swiss-driving-school.ch\\\/?page_id=788\",\"name\":\"Verkehrskunde Kurs Theorie Z\u00fcrich\",\"isPartOf\":{\"@id\":\"https:\\\/\\\/www.swiss-driving-school.ch\\\/#website\"},\"primaryImageOfPage\":{\"@id\":\"https:\\\/\\\/www.swiss-driving-school.ch\\\/?page_id=788#primaryimage\"},\"image\":{\"@id\":\"https:\\\/\\\/www.swiss-driving-school.ch\\\/?page_id=788#primaryimage\"},\"thumbnailUrl\":\"https:\\\/\\\/www.swiss-driving-school.ch\\\/wp-content\\\/uploads\\\/2026\\\/05\\\/SDSZH-150x150.png\",\"datePublished\":\"2015-06-26T17:41:45+00:00\",\"dateModified\":\"2026-05-05T18:29:17+00:00\",\"description\":\"VKU Kurs Z\u00fcrich , Verkehrskunde Unterricht, Theorie Kurs pers\u00f6nliche Betreuung , moderne Lokalit\u00e4t , Jetzt anmelden\",\"breadcrumb\":{\"@id\":\"https:\\\/\\\/www.swiss-driving-school.ch\\\/?page_id=788#breadcrumb\"},\"inLanguage\":\"de\",\"potentialAction\":[{\"@type\":\"ReadAction\",\"target\":[\"https:\\\/\\\/www.swiss-driving-school.ch\\\/?page_id=788\"]}]},{\"@type\":\"ImageObject\",\"inLanguage\":\"de\",\"@id\":\"https:\\\/\\\/www.swiss-driving-school.ch\\\/?page_id=788#primaryimage\",\"url\":\"https:\\\/\\\/i0.wp.com\\\/www.swiss-driving-school.ch\\\/wp-content\\\/uploads\\\/2026\\\/05\\\/SDSZH.png?fit=425%2C283&ssl=1\",\"contentUrl\":\"https:\\\/\\\/i0.wp.com\\\/www.swiss-driving-school.ch\\\/wp-content\\\/uploads\\\/2026\\\/05\\\/SDSZH.png?fit=425%2C283&ssl=1\",\"width\":425,\"height\":283},{\"@type\":\"BreadcrumbList\",\"@id\":\"https:\\\/\\\/www.swiss-driving-school.ch\\\/?page_id=788#breadcrumb\",\"itemListElement\":[{\"@type\":\"ListItem\",\"position\":1,\"name\":\"Startseite\",\"item\":\"https:\\\/\\\/www.swiss-driving-school.ch\\\/\"},{\"@type\":\"ListItem\",\"position\":2,\"name\":\"Theorie \\\/ VKU\"}]},{\"@type\":\"WebSite\",\"@id\":\"https:\\\/\\\/www.swiss-driving-school.ch\\\/#website\",\"url\":\"https:\\\/\\\/www.swiss-driving-school.ch\\\/\",\"name\":\"Swiss Driving School\",\"description\":\"Fahrschule\",\"publisher\":{\"@id\":\"https:\\\/\\\/www.swiss-driving-school.ch\\\/#organization\"},\"potentialAction\":[{\"@type\":\"SearchAction\",\"target\":{\"@type\":\"EntryPoint\",\"urlTemplate\":\"https:\\\/\\\/www.swiss-driving-school.ch\\\/?s={search_term_string}\"},\"query-input\":{\"@type\":\"PropertyValueSpecification\",\"valueRequired\":true,\"valueName\":\"search_term_string\"}}],\"inLanguage\":\"de\"},{\"@type\":\"Organization\",\"@id\":\"https:\\\/\\\/www.swiss-driving-school.ch\\\/#organization\",\"name\":\"Swiss Driving School\",\"url\":\"https:\\\/\\\/www.swiss-driving-school.ch\\\/\",\"logo\":{\"@type\":\"ImageObject\",\"inLanguage\":\"de\",\"@id\":\"https:\\\/\\\/www.swiss-driving-school.ch\\\/#\\\/schema\\\/logo\\\/image\\\/\",\"url\":\"https:\\\/\\\/i0.wp.com\\\/www.swiss-driving-school.ch\\\/wp-content\\\/uploads\\\/2015\\\/06\\\/HomeLogo.jpg?fit=300%2C200&ssl=1\",\"contentUrl\":\"https:\\\/\\\/i0.wp.com\\\/www.swiss-driving-school.ch\\\/wp-content\\\/uploads\\\/2015\\\/06\\\/HomeLogo.jpg?fit=300%2C200&ssl=1\",\"width\":300,\"height\":200,\"caption\":\"Swiss Driving School\"},\"image\":{\"@id\":\"https:\\\/\\\/www.swiss-driving-school.ch\\\/#\\\/schema\\\/logo\\\/image\\\/\"},\"description\":\"Fahrschule in Z\u00fcrich und Umgebung mit Standorten in Oerlikon, B\u00fclach, Bassersdorf, Regensdorf und Wettingen. Ausbildung f\u00fcr Auto (Kat. B), Motorrad (A\\\/A1), Anh\u00e4nger (BE) und LKW (C\\\/CE), inklusive VKU und Pr\u00fcfungsvorbereitung. Flexible Fahrstunden, erfahrene Fahrlehrer und optimale Vorbereitung auf die Fahrpr\u00fcfung.\",\"email\":\"reto@swiss-driving-school.ch\",\"telephone\":\"0793778181\",\"legalName\":\"Swiss Driving School\"}]}<\/script>\n<!-- \/ Yoast SEO Premium plugin. -->","yoast_head_json":{"title":"Verkehrskunde Kurs Theorie Z\u00fcrich","description":"VKU Kurs Z\u00fcrich , Verkehrskunde Unterricht, Theorie Kurs pers\u00f6nliche Betreuung , moderne Lokalit\u00e4t , Jetzt anmelden","robots":{"index":"index","follow":"follow","max-snippet":"max-snippet:-1","max-image-preview":"max-image-preview:large","max-video-preview":"max-video-preview:-1"},"canonical":"https:\/\/www.swiss-driving-school.ch\/?page_id=788","og_locale":"de_DE","og_type":"article","og_title":"Theorie \/ VKU","og_description":"VKU Kurs Z\u00fcrich , Verkehrskunde Unterricht, Theorie Kurs pers\u00f6nliche Betreuung , moderne Lokalit\u00e4t , Jetzt anmelden","og_url":"https:\/\/www.swiss-driving-school.ch\/?page_id=788","og_site_name":"Swiss Driving School","article_modified_time":"2026-05-05T18:29:17+00:00","og_image":[{"url":"https:\/\/www.swiss-driving-school.ch\/wp-content\/uploads\/2026\/05\/SDSZH-150x150.png","type":"","width":"","height":""}],"twitter_card":"summary_large_image","twitter_misc":{"Gesch\u00e4tzte Lesezeit":"2\u00a0Minuten"},"schema":{"@context":"https:\/\/schema.org","@graph":[{"@type":"WebPage","@id":"https:\/\/www.swiss-driving-school.ch\/?page_id=788","url":"https:\/\/www.swiss-driving-school.ch\/?page_id=788","name":"Verkehrskunde Kurs Theorie Z\u00fcrich","isPartOf":{"@id":"https:\/\/www.swiss-driving-school.ch\/#website"},"primaryImageOfPage":{"@id":"https:\/\/www.swiss-driving-school.ch\/?page_id=788#primaryimage"},"image":{"@id":"https:\/\/www.swiss-driving-school.ch\/?page_id=788#primaryimage"},"thumbnailUrl":"https:\/\/www.swiss-driving-school.ch\/wp-content\/uploads\/2026\/05\/SDSZH-150x150.png","datePublished":"2015-06-26T17:41:45+00:00","dateModified":"2026-05-05T18:29:17+00:00","description":"VKU Kurs Z\u00fcrich , Verkehrskunde Unterricht, Theorie Kurs pers\u00f6nliche Betreuung , moderne Lokalit\u00e4t , Jetzt anmelden","breadcrumb":{"@id":"https:\/\/www.swiss-driving-school.ch\/?page_id=788#breadcrumb"},"inLanguage":"de","potentialAction":[{"@type":"ReadAction","target":["https:\/\/www.swiss-driving-school.ch\/?page_id=788"]}]},{"@type":"ImageObject","inLanguage":"de","@id":"https:\/\/www.swiss-driving-school.ch\/?page_id=788#primaryimage","url":"https:\/\/i0.wp.com\/www.swiss-driving-school.ch\/wp-content\/uploads\/2026\/05\/SDSZH.png?fit=425%2C283&ssl=1","contentUrl":"https:\/\/i0.wp.com\/www.swiss-driving-school.ch\/wp-content\/uploads\/2026\/05\/SDSZH.png?fit=425%2C283&ssl=1","width":425,"height":283},{"@type":"BreadcrumbList","@id":"https:\/\/www.swiss-driving-school.ch\/?page_id=788#breadcrumb","itemListElement":[{"@type":"ListItem","position":1,"name":"Startseite","item":"https:\/\/www.swiss-driving-school.ch\/"},{"@type":"ListItem","position":2,"name":"Theorie \/ VKU"}]},{"@type":"WebSite","@id":"https:\/\/www.swiss-driving-school.ch\/#website","url":"https:\/\/www.swiss-driving-school.ch\/","name":"Swiss Driving School","description":"Fahrschule","publisher":{"@id":"https:\/\/www.swiss-driving-school.ch\/#organization"},"potentialAction":[{"@type":"SearchAction","target":{"@type":"EntryPoint","urlTemplate":"https:\/\/www.swiss-driving-school.ch\/?s={search_term_string}"},"query-input":{"@type":"PropertyValueSpecification","valueRequired":true,"valueName":"search_term_string"}}],"inLanguage":"de"},{"@type":"Organization","@id":"https:\/\/www.swiss-driving-school.ch\/#organization","name":"Swiss Driving School","url":"https:\/\/www.swiss-driving-school.ch\/","logo":{"@type":"ImageObject","inLanguage":"de","@id":"https:\/\/www.swiss-driving-school.ch\/#\/schema\/logo\/image\/","url":"https:\/\/i0.wp.com\/www.swiss-driving-school.ch\/wp-content\/uploads\/2015\/06\/HomeLogo.jpg?fit=300%2C200&ssl=1","contentUrl":"https:\/\/i0.wp.com\/www.swiss-driving-school.ch\/wp-content\/uploads\/2015\/06\/HomeLogo.jpg?fit=300%2C200&ssl=1","width":300,"height":200,"caption":"Swiss Driving School"},"image":{"@id":"https:\/\/www.swiss-driving-school.ch\/#\/schema\/logo\/image\/"},"description":"Fahrschule in Z\u00fcrich und Umgebung mit Standorten in Oerlikon, B\u00fclach, Bassersdorf, Regensdorf und Wettingen. Ausbildung f\u00fcr Auto (Kat. B), Motorrad (A\/A1), Anh\u00e4nger (BE) und LKW (C\/CE), inklusive VKU und Pr\u00fcfungsvorbereitung. Flexible Fahrstunden, erfahrene Fahrlehrer und optimale Vorbereitung auf die Fahrpr\u00fcfung.","email":"reto@swiss-driving-school.ch","telephone":"0793778181","legalName":"Swiss Driving School"}]}},"jetpack_sharing_enabled":true,"jetpack_shortlink":"https:\/\/wp.me\/P7nbKh-cI","_links":{"self":[{"href":"https:\/\/www.swiss-driving-school.ch\/index.php?rest_route=\/wp\/v2\/pages\/788","targetHints":{"allow":["GET"]}}],"collection":[{"href":"https:\/\/www.swiss-driving-school.ch\/index.php?rest_route=\/wp\/v2\/pages"}],"about":[{"href":"https:\/\/www.swiss-driving-school.ch\/index.php?rest_route=\/wp\/v2\/types\/page"}],"author":[{"embeddable":true,"href":"https:\/\/www.swiss-driving-school.ch\/index.php?rest_route=\/wp\/v2\/users\/1"}],"replies":[{"embeddable":true,"href":"https:\/\/www.swiss-driving-school.ch\/index.php?rest_route=%2Fwp%2Fv2%2Fcomments&post=788"}],"version-history":[{"count":50,"href":"https:\/\/www.swiss-driving-school.ch\/index.php?rest_route=\/wp\/v2\/pages\/788\/revisions"}],"predecessor-version":[{"id":4195,"href":"https:\/\/www.swiss-driving-school.ch\/index.php?rest_route=\/wp\/v2\/pages\/788\/revisions\/4195"}],"wp:attachment":[{"href":"https:\/\/www.swiss-driving-school.ch\/index.php?rest_route=%2Fwp%2Fv2%2Fmedia&parent=788"}],"curies":[{"name":"wp","href":"https:\/\/api.w.org\/{rel}","templated":true}]}}