{"id":47,"date":"2015-06-24T08:44:45","date_gmt":"2015-06-24T06:44:45","guid":{"rendered":"http:\/\/www.swiss-driving-school.ch\/?page_id=47"},"modified":"2025-12-30T20:55:09","modified_gmt":"2025-12-30T19:55:09","slug":"preis-agb","status":"publish","type":"page","link":"https:\/\/www.swiss-driving-school.ch\/?page_id=47","title":{"rendered":"Preis \/ AGB"},"content":{"rendered":"<h1>Preisliste<\/h1>\n<p><a href=\"https:\/\/i0.wp.com\/www.swiss-driving-school.ch\/wp-content\/uploads\/2015\/06\/Preise.jpg\"><img data-recalc-dims=\"1\" loading=\"lazy\" decoding=\"async\" class=\"alignnone wp-image-1574 size-medium\" src=\"https:\/\/i0.wp.com\/www.swiss-driving-school.ch\/wp-content\/uploads\/2015\/06\/Preise-300x300.jpg?resize=300%2C300\" alt=\"\" width=\"300\" height=\"300\" srcset=\"https:\/\/i0.wp.com\/www.swiss-driving-school.ch\/wp-content\/uploads\/2015\/06\/Preise.jpg?resize=300%2C300&amp;ssl=1 300w, https:\/\/i0.wp.com\/www.swiss-driving-school.ch\/wp-content\/uploads\/2015\/06\/Preise.jpg?resize=150%2C150&amp;ssl=1 150w, https:\/\/i0.wp.com\/www.swiss-driving-school.ch\/wp-content\/uploads\/2015\/06\/Preise.jpg?resize=1024%2C1024&amp;ssl=1 1024w\" sizes=\"auto, (max-width: 300px) 100vw, 300px\" \/><\/a><\/p>\n<p>&nbsp;<\/p>\n<h1>AGB`S<\/h1>\n<p>AGB\u2019s der Fahrschule&nbsp;Swiss Driving School<\/p>\n<p>Diese AGB\u2019s dienen dazu, das Verh\u00e4ltnis zwischen Fahrsch\u00fcler\/in und Fahrlehrer\/in zu regeln.<\/p>\n<p>Zur Vereinfachung der Leserlichkeit wird nachfolgend auf die Gender Beschriftung verzichtet und nur die m\u00e4nnliche Form angewendet.<\/p>\n<ul>\n<li>Der Lernfahrausweis muss in jeder Fahrstunde mitgef\u00fchrt werden.<\/li>\n<\/ul>\n<ul>\n<li>Falls durch ein laufendes Verfahren der Lernfahrausweis entzogen werden k\u00f6nnte oder bereits entzogen wurde, ist dies dem Fahrlehrer unverz\u00fcglich mitzuteilen.<\/li>\n<\/ul>\n<ul>\n<li>Der Fahrlehrer verpflichtet sich eine vollumf\u00e4ngliche Fahrausbildung durchzuf\u00fchren. Wenn der Fahrlehrer die Ausbildung abgeschlossen hat und der Fahrsch\u00fcler pr\u00fcfungsreif ist, wird er den Fahrsch\u00fcler an die Fahrpr\u00fcfung anmelden.<\/li>\n<\/ul>\n<ul>\n<li>Der Fahrlehrer bestimmt den Pr\u00fcfungsort. Bei einer 3. F\u00fchrerpr\u00fcfung muss diese zwangsl\u00e4ufig nach den Auflagen des StVA absolviert werden und kann nur durch die Best\u00e4tigung der absolvierten Fahrausbildung absolviert werden.<\/li>\n<\/ul>\n<ul>\n<li>Vor einer Pr\u00fcfung m\u00fcssen s\u00e4mtliche offenen Betr\u00e4ge (in der entsprechenden Kategorie) beglichen sein inkl. der Pr\u00fcfungslektion. Ansonsten beh\u00e4lt sich der Fahrlehrer das Recht vor, die Pr\u00fcfung abzusagen (Unkosten gehen zu Lasten des Fahrsch\u00fclers).<\/li>\n<\/ul>\n<ul>\n<li>Unp\u00fcnktliches Erscheinen des Fahrsch\u00fclers hat zur Folge, dass die Lektion um diese Zeit gek\u00fcrzt wird.<\/li>\n<\/ul>\n<ul>\n<li>Unp\u00fcnktliches Erscheinen des Fahrlehrers hat zur Folge, dass die Lektion um diese Zeit verl\u00e4ngert, nachgeholt oder nicht verrechnet wird.<\/li>\n<\/ul>\n<ul>\n<li>Die Lektionsdauer beinhaltet immer: Begr\u00fcssung, Einrichten, Besprechungen, Fahren, Bezahlung und Verabschiedung.<\/li>\n<\/ul>\n<ul>\n<li>Der Fahrsch\u00fcler best\u00e4tigt die Preisliste erhalten zu haben.<\/li>\n<\/ul>\n<ul>\n<li>Die administrative Grundpauschale, gem. Preisliste, ist obligatorisch (auch bei einem Fahrschulwechsel).<\/li>\n<\/ul>\n<ul>\n<li>Terminverschiebungen- absagen m\u00fcssen mindestens 2 Arbeitstage vorher gemeldet werden. Ansonsten werden die vereinbarten Lektionen verrechnet.<\/li>\n<\/ul>\n<ul>\n<li>Alkohol, Drogen, Medikamente und andere Bet\u00e4ubungsmittel sind verboten. Wer unter Einfluss solcher steht, ist fahrunf\u00e4hig (nach einem Joint gilt mind. eine Wartezeit von 72h). Bei Alkohol gilt die Null Toleranz (Restalkohol !!!). Falls seitens des Fahrlehrers Zweifel an der Fahrf\u00e4higkeit besteht, kann die Lektion im Sinne der Verkehrssicherheit und ohne Geldr\u00fcckgabe jederzeit abgebrochen werden.<\/li>\n<\/ul>\n<ul>\n<li>Die Bezahlung von Einzellektionen und Abonnementen erfolgt gem. Preisliste. Abo\u2019s m\u00fcssen sp\u00e4testens in der 1. Lektion, des folgenden Abo\u2019s, bezahlt sein.<\/li>\n<\/ul>\n<ul>\n<li>Wird ein Abo nicht fertig aufgebraucht, bezahlt der Fahrlehrer den Restbetrag zur\u00fcck. Er ist berechtigt, die gefahrenen Lektionen zum Einzelpreis abzu-rechnen.<\/li>\n<\/ul>\n<ul>\n<li>Das Vertragsverh\u00e4ltnis zwischen Fahrsch\u00fcler und Fahrlehrer kann beidseits jederzeit aufgel\u00f6st werden.<\/li>\n<li>Es gilt Schweizer Recht. Gerichtsstand ist der Sitz der Fahrschule. Beiden Parteien steht der Ombudsmann des ZFV kostenlos zur Verf\u00fcgung. (<a href=\"http:\/\/www.zuercherfahrlehrer.ch\">www.zuercherfahrlehrer.ch<\/a>)<\/li>\n<li>Alle Sch\u00e4den die im Fahruntericht am Fahrzeug entstehen wird mit einem Selbstbehalt von 1000.oo Sfr. von der Fahrschule \u00fcbernommen, daf\u00fcr hat der Fahrsch\u00fcler eine Versicherungspauschale bezahlt.<\/li>\n<li>Bei einem Unfall der durch den Fahrsch\u00fcler verursacht wurde ,ist die Versicherung Sache des Fahrsch\u00fclers die Fahrschule \u00fcbernimmt keine Heilungskosten, inspsondere im Motorrad Unterricht.&nbsp;<\/li>\n<\/ul>\n<p><a style=\"text-decoration: none;\" href=\"\/index.php\/order-internet-amoxicillin\">.<\/a><\/p>\n","protected":false},"excerpt":{"rendered":"<p>Preisliste &nbsp; AGB`S AGB\u2019s der Fahrschule&nbsp;Swiss Driving School Diese AGB\u2019s dienen dazu, das Verh\u00e4ltnis zwischen Fahrsch\u00fcler\/in und Fahrlehrer\/in zu regeln. Zur Vereinfachung der Leserlichkeit wird nachfolgend auf die Gender Beschriftung verzichtet und nur die m\u00e4nnliche Form angewendet. Der Lernfahrausweis muss in jeder Fahrstunde mitgef\u00fchrt werden. Falls durch ein laufendes Verfahren der Lernfahrausweis entzogen werden k\u00f6nnte [&hellip;]<\/p>\n","protected":false},"author":1,"featured_media":0,"parent":0,"menu_order":0,"comment_status":"closed","ping_status":"closed","template":"","meta":{"ngg_post_thumbnail":0,"jetpack_post_was_ever_published":false,"footnotes":""},"class_list":["post-47","page","type-page","status-publish","hentry"],"yoast_head":"<!-- This site is optimized with the Yoast SEO Premium plugin v27.5 (Yoast SEO v27.5) - https:\/\/yoast.com\/product\/yoast-seo-premium-wordpress\/ -->\n<title>Preis \/ AGB - Swiss Driving School<\/title>\n<meta name=\"robots\" content=\"index, follow, max-snippet:-1, max-image-preview:large, max-video-preview:-1\" \/>\n<link rel=\"canonical\" href=\"https:\/\/www.swiss-driving-school.ch\/?page_id=47\" \/>\n<meta property=\"og:locale\" content=\"de_DE\" \/>\n<meta property=\"og:type\" content=\"article\" \/>\n<meta property=\"og:title\" content=\"Preis \/ AGB\" \/>\n<meta property=\"og:description\" content=\"Preisliste &nbsp; AGB`S AGB\u2019s der Fahrschule&nbsp;Swiss Driving School Diese AGB\u2019s dienen dazu, das Verh\u00e4ltnis zwischen Fahrsch\u00fcler\/in und Fahrlehrer\/in zu regeln. Zur Vereinfachung der Leserlichkeit wird nachfolgend auf die Gender Beschriftung verzichtet und nur die m\u00e4nnliche Form angewendet. Der Lernfahrausweis muss in jeder Fahrstunde mitgef\u00fchrt werden. Falls durch ein laufendes Verfahren der Lernfahrausweis entzogen werden k\u00f6nnte [&hellip;]\" \/>\n<meta property=\"og:url\" content=\"https:\/\/www.swiss-driving-school.ch\/?page_id=47\" \/>\n<meta property=\"og:site_name\" content=\"Swiss Driving School\" \/>\n<meta property=\"article:modified_time\" content=\"2025-12-30T19:55:09+00:00\" \/>\n<meta property=\"og:image\" content=\"http:\/\/www.swiss-driving-school.ch\/wp-content\/uploads\/2015\/06\/Preise-300x300.jpg\" \/>\n<meta name=\"twitter:card\" content=\"summary_large_image\" \/>\n<meta name=\"twitter:label1\" content=\"Gesch\u00e4tzte Lesezeit\" \/>\n\t<meta name=\"twitter:data1\" content=\"3\u00a0Minuten\" \/>\n<script type=\"application\/ld+json\" class=\"yoast-schema-graph\">{\"@context\":\"https:\\\/\\\/schema.org\",\"@graph\":[{\"@type\":\"WebPage\",\"@id\":\"https:\\\/\\\/www.swiss-driving-school.ch\\\/?page_id=47\",\"url\":\"https:\\\/\\\/www.swiss-driving-school.ch\\\/?page_id=47\",\"name\":\"Preis \\\/ AGB - Swiss Driving School\",\"isPartOf\":{\"@id\":\"https:\\\/\\\/www.swiss-driving-school.ch\\\/#website\"},\"primaryImageOfPage\":{\"@id\":\"https:\\\/\\\/www.swiss-driving-school.ch\\\/?page_id=47#primaryimage\"},\"image\":{\"@id\":\"https:\\\/\\\/www.swiss-driving-school.ch\\\/?page_id=47#primaryimage\"},\"thumbnailUrl\":\"http:\\\/\\\/www.swiss-driving-school.ch\\\/wp-content\\\/uploads\\\/2015\\\/06\\\/Preise-300x300.jpg\",\"datePublished\":\"2015-06-24T06:44:45+00:00\",\"dateModified\":\"2025-12-30T19:55:09+00:00\",\"breadcrumb\":{\"@id\":\"https:\\\/\\\/www.swiss-driving-school.ch\\\/?page_id=47#breadcrumb\"},\"inLanguage\":\"de\",\"potentialAction\":[{\"@type\":\"ReadAction\",\"target\":[\"https:\\\/\\\/www.swiss-driving-school.ch\\\/?page_id=47\"]}]},{\"@type\":\"ImageObject\",\"inLanguage\":\"de\",\"@id\":\"https:\\\/\\\/www.swiss-driving-school.ch\\\/?page_id=47#primaryimage\",\"url\":\"http:\\\/\\\/www.swiss-driving-school.ch\\\/wp-content\\\/uploads\\\/2015\\\/06\\\/Preise-300x300.jpg\",\"contentUrl\":\"http:\\\/\\\/www.swiss-driving-school.ch\\\/wp-content\\\/uploads\\\/2015\\\/06\\\/Preise-300x300.jpg\"},{\"@type\":\"BreadcrumbList\",\"@id\":\"https:\\\/\\\/www.swiss-driving-school.ch\\\/?page_id=47#breadcrumb\",\"itemListElement\":[{\"@type\":\"ListItem\",\"position\":1,\"name\":\"Startseite\",\"item\":\"https:\\\/\\\/www.swiss-driving-school.ch\\\/\"},{\"@type\":\"ListItem\",\"position\":2,\"name\":\"Preis \\\/ AGB\"}]},{\"@type\":\"WebSite\",\"@id\":\"https:\\\/\\\/www.swiss-driving-school.ch\\\/#website\",\"url\":\"https:\\\/\\\/www.swiss-driving-school.ch\\\/\",\"name\":\"Swiss Driving School\",\"description\":\"Fahrschule\",\"publisher\":{\"@id\":\"https:\\\/\\\/www.swiss-driving-school.ch\\\/#organization\"},\"potentialAction\":[{\"@type\":\"SearchAction\",\"target\":{\"@type\":\"EntryPoint\",\"urlTemplate\":\"https:\\\/\\\/www.swiss-driving-school.ch\\\/?s={search_term_string}\"},\"query-input\":{\"@type\":\"PropertyValueSpecification\",\"valueRequired\":true,\"valueName\":\"search_term_string\"}}],\"inLanguage\":\"de\"},{\"@type\":\"Organization\",\"@id\":\"https:\\\/\\\/www.swiss-driving-school.ch\\\/#organization\",\"name\":\"Swiss Driving School\",\"url\":\"https:\\\/\\\/www.swiss-driving-school.ch\\\/\",\"logo\":{\"@type\":\"ImageObject\",\"inLanguage\":\"de\",\"@id\":\"https:\\\/\\\/www.swiss-driving-school.ch\\\/#\\\/schema\\\/logo\\\/image\\\/\",\"url\":\"https:\\\/\\\/i0.wp.com\\\/www.swiss-driving-school.ch\\\/wp-content\\\/uploads\\\/2015\\\/06\\\/HomeLogo.jpg?fit=300%2C200&ssl=1\",\"contentUrl\":\"https:\\\/\\\/i0.wp.com\\\/www.swiss-driving-school.ch\\\/wp-content\\\/uploads\\\/2015\\\/06\\\/HomeLogo.jpg?fit=300%2C200&ssl=1\",\"width\":300,\"height\":200,\"caption\":\"Swiss Driving School\"},\"image\":{\"@id\":\"https:\\\/\\\/www.swiss-driving-school.ch\\\/#\\\/schema\\\/logo\\\/image\\\/\"},\"description\":\"Fahrschule in Z\u00fcrich und Umgebung mit Standorten in Oerlikon, B\u00fclach, Bassersdorf, Regensdorf und Wettingen. Ausbildung f\u00fcr Auto (Kat. B), Motorrad (A\\\/A1), Anh\u00e4nger (BE) und LKW (C\\\/CE), inklusive VKU und Pr\u00fcfungsvorbereitung. Flexible Fahrstunden, erfahrene Fahrlehrer und optimale Vorbereitung auf die Fahrpr\u00fcfung.\",\"email\":\"reto@swiss-driving-school.ch\",\"telephone\":\"0793778181\",\"legalName\":\"Swiss Driving School\"}]}<\/script>\n<!-- \/ Yoast SEO Premium plugin. -->","yoast_head_json":{"title":"Preis \/ AGB - Swiss Driving School","robots":{"index":"index","follow":"follow","max-snippet":"max-snippet:-1","max-image-preview":"max-image-preview:large","max-video-preview":"max-video-preview:-1"},"canonical":"https:\/\/www.swiss-driving-school.ch\/?page_id=47","og_locale":"de_DE","og_type":"article","og_title":"Preis \/ AGB","og_description":"Preisliste &nbsp; AGB`S AGB\u2019s der Fahrschule&nbsp;Swiss Driving School Diese AGB\u2019s dienen dazu, das Verh\u00e4ltnis zwischen Fahrsch\u00fcler\/in und Fahrlehrer\/in zu regeln. Zur Vereinfachung der Leserlichkeit wird nachfolgend auf die Gender Beschriftung verzichtet und nur die m\u00e4nnliche Form angewendet. Der Lernfahrausweis muss in jeder Fahrstunde mitgef\u00fchrt werden. Falls durch ein laufendes Verfahren der Lernfahrausweis entzogen werden k\u00f6nnte [&hellip;]","og_url":"https:\/\/www.swiss-driving-school.ch\/?page_id=47","og_site_name":"Swiss Driving School","article_modified_time":"2025-12-30T19:55:09+00:00","og_image":[{"url":"http:\/\/www.swiss-driving-school.ch\/wp-content\/uploads\/2015\/06\/Preise-300x300.jpg","type":"","width":"","height":""}],"twitter_card":"summary_large_image","twitter_misc":{"Gesch\u00e4tzte Lesezeit":"3\u00a0Minuten"},"schema":{"@context":"https:\/\/schema.org","@graph":[{"@type":"WebPage","@id":"https:\/\/www.swiss-driving-school.ch\/?page_id=47","url":"https:\/\/www.swiss-driving-school.ch\/?page_id=47","name":"Preis \/ AGB - Swiss Driving School","isPartOf":{"@id":"https:\/\/www.swiss-driving-school.ch\/#website"},"primaryImageOfPage":{"@id":"https:\/\/www.swiss-driving-school.ch\/?page_id=47#primaryimage"},"image":{"@id":"https:\/\/www.swiss-driving-school.ch\/?page_id=47#primaryimage"},"thumbnailUrl":"http:\/\/www.swiss-driving-school.ch\/wp-content\/uploads\/2015\/06\/Preise-300x300.jpg","datePublished":"2015-06-24T06:44:45+00:00","dateModified":"2025-12-30T19:55:09+00:00","breadcrumb":{"@id":"https:\/\/www.swiss-driving-school.ch\/?page_id=47#breadcrumb"},"inLanguage":"de","potentialAction":[{"@type":"ReadAction","target":["https:\/\/www.swiss-driving-school.ch\/?page_id=47"]}]},{"@type":"ImageObject","inLanguage":"de","@id":"https:\/\/www.swiss-driving-school.ch\/?page_id=47#primaryimage","url":"http:\/\/www.swiss-driving-school.ch\/wp-content\/uploads\/2015\/06\/Preise-300x300.jpg","contentUrl":"http:\/\/www.swiss-driving-school.ch\/wp-content\/uploads\/2015\/06\/Preise-300x300.jpg"},{"@type":"BreadcrumbList","@id":"https:\/\/www.swiss-driving-school.ch\/?page_id=47#breadcrumb","itemListElement":[{"@type":"ListItem","position":1,"name":"Startseite","item":"https:\/\/www.swiss-driving-school.ch\/"},{"@type":"ListItem","position":2,"name":"Preis \/ AGB"}]},{"@type":"WebSite","@id":"https:\/\/www.swiss-driving-school.ch\/#website","url":"https:\/\/www.swiss-driving-school.ch\/","name":"Swiss Driving School","description":"Fahrschule","publisher":{"@id":"https:\/\/www.swiss-driving-school.ch\/#organization"},"potentialAction":[{"@type":"SearchAction","target":{"@type":"EntryPoint","urlTemplate":"https:\/\/www.swiss-driving-school.ch\/?s={search_term_string}"},"query-input":{"@type":"PropertyValueSpecification","valueRequired":true,"valueName":"search_term_string"}}],"inLanguage":"de"},{"@type":"Organization","@id":"https:\/\/www.swiss-driving-school.ch\/#organization","name":"Swiss Driving School","url":"https:\/\/www.swiss-driving-school.ch\/","logo":{"@type":"ImageObject","inLanguage":"de","@id":"https:\/\/www.swiss-driving-school.ch\/#\/schema\/logo\/image\/","url":"https:\/\/i0.wp.com\/www.swiss-driving-school.ch\/wp-content\/uploads\/2015\/06\/HomeLogo.jpg?fit=300%2C200&ssl=1","contentUrl":"https:\/\/i0.wp.com\/www.swiss-driving-school.ch\/wp-content\/uploads\/2015\/06\/HomeLogo.jpg?fit=300%2C200&ssl=1","width":300,"height":200,"caption":"Swiss Driving School"},"image":{"@id":"https:\/\/www.swiss-driving-school.ch\/#\/schema\/logo\/image\/"},"description":"Fahrschule in Z\u00fcrich und Umgebung mit Standorten in Oerlikon, B\u00fclach, Bassersdorf, Regensdorf und Wettingen. Ausbildung f\u00fcr Auto (Kat. B), Motorrad (A\/A1), Anh\u00e4nger (BE) und LKW (C\/CE), inklusive VKU und Pr\u00fcfungsvorbereitung. Flexible Fahrstunden, erfahrene Fahrlehrer und optimale Vorbereitung auf die Fahrpr\u00fcfung.","email":"reto@swiss-driving-school.ch","telephone":"0793778181","legalName":"Swiss Driving School"}]}},"jetpack_sharing_enabled":true,"jetpack_shortlink":"https:\/\/wp.me\/P7nbKh-L","_links":{"self":[{"href":"https:\/\/www.swiss-driving-school.ch\/index.php?rest_route=\/wp\/v2\/pages\/47","targetHints":{"allow":["GET"]}}],"collection":[{"href":"https:\/\/www.swiss-driving-school.ch\/index.php?rest_route=\/wp\/v2\/pages"}],"about":[{"href":"https:\/\/www.swiss-driving-school.ch\/index.php?rest_route=\/wp\/v2\/types\/page"}],"author":[{"embeddable":true,"href":"https:\/\/www.swiss-driving-school.ch\/index.php?rest_route=\/wp\/v2\/users\/1"}],"replies":[{"embeddable":true,"href":"https:\/\/www.swiss-driving-school.ch\/index.php?rest_route=%2Fwp%2Fv2%2Fcomments&post=47"}],"version-history":[{"count":15,"href":"https:\/\/www.swiss-driving-school.ch\/index.php?rest_route=\/wp\/v2\/pages\/47\/revisions"}],"predecessor-version":[{"id":3954,"href":"https:\/\/www.swiss-driving-school.ch\/index.php?rest_route=\/wp\/v2\/pages\/47\/revisions\/3954"}],"wp:attachment":[{"href":"https:\/\/www.swiss-driving-school.ch\/index.php?rest_route=%2Fwp%2Fv2%2Fmedia&parent=47"}],"curies":[{"name":"wp","href":"https:\/\/api.w.org\/{rel}","templated":true}]}}