{"id":4264,"date":"2026-05-14T18:32:56","date_gmt":"2026-05-14T16:32:56","guid":{"rendered":"https:\/\/www.swiss-driving-school.ch\/?page_id=4264"},"modified":"2026-05-14T18:51:49","modified_gmt":"2026-05-14T16:51:49","slug":"fahrzeuge","status":"publish","type":"page","link":"https:\/\/www.swiss-driving-school.ch\/?page_id=4264","title":{"rendered":"Fahrzeuge"},"content":{"rendered":"\n<figure class=\"wp-block-image size-full is-resized\"><a href=\"https:\/\/i0.wp.com\/www.swiss-driving-school.ch\/wp-content\/uploads\/2026\/05\/SDSYaris-1.png?ssl=1\"><img data-recalc-dims=\"1\" fetchpriority=\"high\" decoding=\"async\" width=\"1000\" height=\"667\" src=\"https:\/\/i0.wp.com\/www.swiss-driving-school.ch\/wp-content\/uploads\/2026\/05\/SDSYaris-1.png?resize=1000%2C667&#038;ssl=1\" alt=\"\" class=\"wp-image-4265\" style=\"width:599px;height:auto\" srcset=\"https:\/\/i0.wp.com\/www.swiss-driving-school.ch\/wp-content\/uploads\/2026\/05\/SDSYaris-1.png?w=1536&amp;ssl=1 1536w, https:\/\/i0.wp.com\/www.swiss-driving-school.ch\/wp-content\/uploads\/2026\/05\/SDSYaris-1.png?resize=768%2C512&amp;ssl=1 768w, https:\/\/i0.wp.com\/www.swiss-driving-school.ch\/wp-content\/uploads\/2026\/05\/SDSYaris-1.png?resize=600%2C400&amp;ssl=1 600w\" sizes=\"(max-width: 1000px) 100vw, 1000px\" \/><\/a><\/figure>\n\n\n\n<figure class=\"wp-block-image size-full is-resized\"><a href=\"https:\/\/i0.wp.com\/www.swiss-driving-school.ch\/wp-content\/uploads\/2026\/05\/SDSVolvo.png?ssl=1\"><img data-recalc-dims=\"1\" decoding=\"async\" width=\"1000\" height=\"667\" src=\"https:\/\/i0.wp.com\/www.swiss-driving-school.ch\/wp-content\/uploads\/2026\/05\/SDSVolvo.png?resize=1000%2C667&#038;ssl=1\" alt=\"\" class=\"wp-image-4266\" style=\"width:597px;height:auto\" srcset=\"https:\/\/i0.wp.com\/www.swiss-driving-school.ch\/wp-content\/uploads\/2026\/05\/SDSVolvo.png?w=1536&amp;ssl=1 1536w, https:\/\/i0.wp.com\/www.swiss-driving-school.ch\/wp-content\/uploads\/2026\/05\/SDSVolvo.png?resize=768%2C512&amp;ssl=1 768w, https:\/\/i0.wp.com\/www.swiss-driving-school.ch\/wp-content\/uploads\/2026\/05\/SDSVolvo.png?resize=600%2C400&amp;ssl=1 600w\" sizes=\"(max-width: 1000px) 100vw, 1000px\" \/><\/a><\/figure>\n\n\n\n<figure class=\"wp-block-image size-full is-resized\"><a href=\"https:\/\/i0.wp.com\/www.swiss-driving-school.ch\/wp-content\/uploads\/2026\/05\/SDSAnhaenger.png?ssl=1\"><img data-recalc-dims=\"1\" decoding=\"async\" width=\"1000\" height=\"667\" src=\"https:\/\/i0.wp.com\/www.swiss-driving-school.ch\/wp-content\/uploads\/2026\/05\/SDSAnhaenger.png?resize=1000%2C667&#038;ssl=1\" alt=\"\" class=\"wp-image-4267\" style=\"aspect-ratio:1.5000351395038303;width:596px;height:auto\" srcset=\"https:\/\/i0.wp.com\/www.swiss-driving-school.ch\/wp-content\/uploads\/2026\/05\/SDSAnhaenger.png?w=1536&amp;ssl=1 1536w, https:\/\/i0.wp.com\/www.swiss-driving-school.ch\/wp-content\/uploads\/2026\/05\/SDSAnhaenger.png?resize=768%2C512&amp;ssl=1 768w, https:\/\/i0.wp.com\/www.swiss-driving-school.ch\/wp-content\/uploads\/2026\/05\/SDSAnhaenger.png?resize=600%2C400&amp;ssl=1 600w\" sizes=\"(max-width: 1000px) 100vw, 1000px\" \/><\/a><\/figure>\n\n\n\n<figure class=\"wp-block-image size-full is-resized\"><a href=\"https:\/\/i0.wp.com\/www.swiss-driving-school.ch\/wp-content\/uploads\/2026\/05\/SDSYamaha.png?ssl=1\"><img data-recalc-dims=\"1\" loading=\"lazy\" decoding=\"async\" width=\"1000\" height=\"667\" src=\"https:\/\/i0.wp.com\/www.swiss-driving-school.ch\/wp-content\/uploads\/2026\/05\/SDSYamaha.png?resize=1000%2C667&#038;ssl=1\" alt=\"\" class=\"wp-image-4268\" style=\"width:594px;height:auto\" srcset=\"https:\/\/i0.wp.com\/www.swiss-driving-school.ch\/wp-content\/uploads\/2026\/05\/SDSYamaha.png?w=1536&amp;ssl=1 1536w, https:\/\/i0.wp.com\/www.swiss-driving-school.ch\/wp-content\/uploads\/2026\/05\/SDSYamaha.png?resize=768%2C512&amp;ssl=1 768w, https:\/\/i0.wp.com\/www.swiss-driving-school.ch\/wp-content\/uploads\/2026\/05\/SDSYamaha.png?resize=600%2C400&amp;ssl=1 600w\" sizes=\"(max-width: 1000px) 100vw, 1000px\" \/><\/a><\/figure>\n\n\n\n<figure class=\"wp-block-image size-full is-resized\"><a href=\"https:\/\/i0.wp.com\/www.swiss-driving-school.ch\/wp-content\/uploads\/2026\/05\/SDSA200.png?ssl=1\"><img data-recalc-dims=\"1\" loading=\"lazy\" decoding=\"async\" width=\"1000\" height=\"667\" src=\"https:\/\/i0.wp.com\/www.swiss-driving-school.ch\/wp-content\/uploads\/2026\/05\/SDSA200.png?resize=1000%2C667&#038;ssl=1\" alt=\"\" class=\"wp-image-4269\" style=\"width:593px;height:auto\" srcset=\"https:\/\/i0.wp.com\/www.swiss-driving-school.ch\/wp-content\/uploads\/2026\/05\/SDSA200.png?w=1536&amp;ssl=1 1536w, https:\/\/i0.wp.com\/www.swiss-driving-school.ch\/wp-content\/uploads\/2026\/05\/SDSA200.png?resize=768%2C512&amp;ssl=1 768w, https:\/\/i0.wp.com\/www.swiss-driving-school.ch\/wp-content\/uploads\/2026\/05\/SDSA200.png?resize=600%2C400&amp;ssl=1 600w\" sizes=\"(max-width: 1000px) 100vw, 1000px\" \/><\/a><\/figure>\n\n\n\n<figure class=\"wp-block-image size-full is-resized\"><a href=\"https:\/\/i0.wp.com\/www.swiss-driving-school.ch\/wp-content\/uploads\/2026\/05\/SDSa125R.png?ssl=1\"><img data-recalc-dims=\"1\" loading=\"lazy\" decoding=\"async\" width=\"1000\" height=\"667\" src=\"https:\/\/i0.wp.com\/www.swiss-driving-school.ch\/wp-content\/uploads\/2026\/05\/SDSa125R.png?resize=1000%2C667&#038;ssl=1\" alt=\"\" class=\"wp-image-4270\" style=\"width:592px;height:auto\" srcset=\"https:\/\/i0.wp.com\/www.swiss-driving-school.ch\/wp-content\/uploads\/2026\/05\/SDSa125R.png?w=1536&amp;ssl=1 1536w, https:\/\/i0.wp.com\/www.swiss-driving-school.ch\/wp-content\/uploads\/2026\/05\/SDSa125R.png?resize=768%2C512&amp;ssl=1 768w, https:\/\/i0.wp.com\/www.swiss-driving-school.ch\/wp-content\/uploads\/2026\/05\/SDSa125R.png?resize=600%2C400&amp;ssl=1 600w\" sizes=\"(max-width: 1000px) 100vw, 1000px\" \/><\/a><\/figure>\n\n\n\n<figure class=\"wp-block-image size-full is-resized\"><a href=\"https:\/\/i0.wp.com\/www.swiss-driving-school.ch\/wp-content\/uploads\/2026\/05\/SDSA125.png?ssl=1\"><img data-recalc-dims=\"1\" loading=\"lazy\" decoding=\"async\" width=\"1000\" height=\"667\" src=\"https:\/\/i0.wp.com\/www.swiss-driving-school.ch\/wp-content\/uploads\/2026\/05\/SDSA125.png?resize=1000%2C667&#038;ssl=1\" alt=\"\" class=\"wp-image-4271\" style=\"width:591px;height:auto\" srcset=\"https:\/\/i0.wp.com\/www.swiss-driving-school.ch\/wp-content\/uploads\/2026\/05\/SDSA125.png?w=1536&amp;ssl=1 1536w, https:\/\/i0.wp.com\/www.swiss-driving-school.ch\/wp-content\/uploads\/2026\/05\/SDSA125.png?resize=768%2C512&amp;ssl=1 768w, https:\/\/i0.wp.com\/www.swiss-driving-school.ch\/wp-content\/uploads\/2026\/05\/SDSA125.png?resize=600%2C400&amp;ssl=1 600w\" sizes=\"(max-width: 1000px) 100vw, 1000px\" \/><\/a><\/figure>\n","protected":false},"excerpt":{"rendered":"","protected":false},"author":1,"featured_media":0,"parent":0,"menu_order":0,"comment_status":"closed","ping_status":"closed","template":"","meta":{"ngg_post_thumbnail":0,"footnotes":""},"class_list":["post-4264","page","type-page","status-publish","hentry"],"yoast_head":"<!-- This site is optimized with the Yoast SEO Premium plugin v27.6 (Yoast SEO v27.6) - https:\/\/yoast.com\/product\/yoast-seo-premium-wordpress\/ -->\n<title>Fahrzeuge - Swiss Driving School<\/title>\n<meta name=\"robots\" content=\"index, follow, max-snippet:-1, max-image-preview:large, max-video-preview:-1\" \/>\n<link rel=\"canonical\" href=\"https:\/\/www.swiss-driving-school.ch\/?page_id=4264\" \/>\n<meta property=\"og:locale\" content=\"de_DE\" \/>\n<meta property=\"og:type\" content=\"article\" \/>\n<meta property=\"og:title\" content=\"Fahrzeuge Swiss Driving School Fahrzeuge Auto, Motorrad &amp; Anh\u00e4nger Fahrschule Z\u00fcrich\" \/>\n<meta property=\"og:description\" content=\"Endecke die modernen Fahrzeuge der Swiss Driving School in Z\u00fcrich, Auto, Motorrad, Roller und Anh\u00e4nger Fahrstunden mit leistungsstarken und sicheren Fahrzeugen f\u00fcr deine erfolgreiche Pr\u00fcfung.\" \/>\n<meta property=\"og:url\" content=\"https:\/\/www.swiss-driving-school.ch\/?page_id=4264\" \/>\n<meta property=\"og:site_name\" content=\"Swiss Driving School\" \/>\n<meta property=\"article:modified_time\" content=\"2026-05-14T16:51:49+00:00\" \/>\n<meta property=\"og:image\" content=\"https:\/\/www.swiss-driving-school.ch\/wp-content\/uploads\/2026\/05\/SDS-Fahrzeuge-1024x1024.png\" \/>\n\t<meta property=\"og:image:width\" content=\"1024\" \/>\n\t<meta property=\"og:image:height\" content=\"1024\" \/>\n\t<meta property=\"og:image:type\" content=\"image\/png\" \/>\n<meta name=\"twitter:card\" content=\"summary_large_image\" \/>\n<meta name=\"twitter:title\" content=\"Fahrzeuge\" \/>\n<meta name=\"twitter:label1\" content=\"Gesch\u00e4tzte Lesezeit\" \/>\n\t<meta name=\"twitter:data1\" content=\"2\u00a0Minuten\" \/>\n<script type=\"application\/ld+json\" class=\"yoast-schema-graph\">{\"@context\":\"https:\\\/\\\/schema.org\",\"@graph\":[{\"@type\":\"WebPage\",\"@id\":\"https:\\\/\\\/www.swiss-driving-school.ch\\\/?page_id=4264\",\"url\":\"https:\\\/\\\/www.swiss-driving-school.ch\\\/?page_id=4264\",\"name\":\"Fahrzeuge - Swiss Driving School\",\"isPartOf\":{\"@id\":\"https:\\\/\\\/www.swiss-driving-school.ch\\\/#website\"},\"primaryImageOfPage\":{\"@id\":\"https:\\\/\\\/www.swiss-driving-school.ch\\\/?page_id=4264#primaryimage\"},\"image\":{\"@id\":\"https:\\\/\\\/www.swiss-driving-school.ch\\\/?page_id=4264#primaryimage\"},\"thumbnailUrl\":\"https:\\\/\\\/www.swiss-driving-school.ch\\\/wp-content\\\/uploads\\\/2026\\\/05\\\/SDSYaris-1.png\",\"datePublished\":\"2026-05-14T16:32:56+00:00\",\"dateModified\":\"2026-05-14T16:51:49+00:00\",\"breadcrumb\":{\"@id\":\"https:\\\/\\\/www.swiss-driving-school.ch\\\/?page_id=4264#breadcrumb\"},\"inLanguage\":\"de\",\"potentialAction\":[{\"@type\":\"ReadAction\",\"target\":[\"https:\\\/\\\/www.swiss-driving-school.ch\\\/?page_id=4264\"]}]},{\"@type\":\"ImageObject\",\"inLanguage\":\"de\",\"@id\":\"https:\\\/\\\/www.swiss-driving-school.ch\\\/?page_id=4264#primaryimage\",\"url\":\"https:\\\/\\\/i0.wp.com\\\/www.swiss-driving-school.ch\\\/wp-content\\\/uploads\\\/2026\\\/05\\\/SDSYaris-1.png?fit=1536%2C1024&ssl=1\",\"contentUrl\":\"https:\\\/\\\/i0.wp.com\\\/www.swiss-driving-school.ch\\\/wp-content\\\/uploads\\\/2026\\\/05\\\/SDSYaris-1.png?fit=1536%2C1024&ssl=1\",\"width\":1536,\"height\":1024},{\"@type\":\"BreadcrumbList\",\"@id\":\"https:\\\/\\\/www.swiss-driving-school.ch\\\/?page_id=4264#breadcrumb\",\"itemListElement\":[{\"@type\":\"ListItem\",\"position\":1,\"name\":\"Startseite\",\"item\":\"https:\\\/\\\/www.swiss-driving-school.ch\\\/\"},{\"@type\":\"ListItem\",\"position\":2,\"name\":\"Fahrzeuge\"}]},{\"@type\":\"WebSite\",\"@id\":\"https:\\\/\\\/www.swiss-driving-school.ch\\\/#website\",\"url\":\"https:\\\/\\\/www.swiss-driving-school.ch\\\/\",\"name\":\"Swiss Driving School\",\"description\":\"Fahrschule\",\"publisher\":{\"@id\":\"https:\\\/\\\/www.swiss-driving-school.ch\\\/#organization\"},\"potentialAction\":[{\"@type\":\"SearchAction\",\"target\":{\"@type\":\"EntryPoint\",\"urlTemplate\":\"https:\\\/\\\/www.swiss-driving-school.ch\\\/?s={search_term_string}\"},\"query-input\":{\"@type\":\"PropertyValueSpecification\",\"valueRequired\":true,\"valueName\":\"search_term_string\"}}],\"inLanguage\":\"de\"},{\"@type\":\"Organization\",\"@id\":\"https:\\\/\\\/www.swiss-driving-school.ch\\\/#organization\",\"name\":\"Swiss Driving School\",\"url\":\"https:\\\/\\\/www.swiss-driving-school.ch\\\/\",\"logo\":{\"@type\":\"ImageObject\",\"inLanguage\":\"de\",\"@id\":\"https:\\\/\\\/www.swiss-driving-school.ch\\\/#\\\/schema\\\/logo\\\/image\\\/\",\"url\":\"https:\\\/\\\/i0.wp.com\\\/www.swiss-driving-school.ch\\\/wp-content\\\/uploads\\\/2015\\\/06\\\/HomeLogo.jpg?fit=300%2C200&ssl=1\",\"contentUrl\":\"https:\\\/\\\/i0.wp.com\\\/www.swiss-driving-school.ch\\\/wp-content\\\/uploads\\\/2015\\\/06\\\/HomeLogo.jpg?fit=300%2C200&ssl=1\",\"width\":300,\"height\":200,\"caption\":\"Swiss Driving School\"},\"image\":{\"@id\":\"https:\\\/\\\/www.swiss-driving-school.ch\\\/#\\\/schema\\\/logo\\\/image\\\/\"},\"description\":\"Fahrschule in Z\u00fcrich und Umgebung mit Standorten in Oerlikon, B\u00fclach, Bassersdorf, Regensdorf und Wettingen. Ausbildung f\u00fcr Auto (Kat. B), Motorrad (A\\\/A1), Anh\u00e4nger (BE) und LKW (C\\\/CE), inklusive VKU und Pr\u00fcfungsvorbereitung. Flexible Fahrstunden, erfahrene Fahrlehrer und optimale Vorbereitung auf die Fahrpr\u00fcfung.\",\"email\":\"reto@swiss-driving-school.ch\",\"telephone\":\"0793778181\",\"legalName\":\"Swiss Driving School\"}]}<\/script>\n<!-- \/ Yoast SEO Premium plugin. -->","yoast_head_json":{"title":"Fahrzeuge - Swiss Driving School","robots":{"index":"index","follow":"follow","max-snippet":"max-snippet:-1","max-image-preview":"max-image-preview:large","max-video-preview":"max-video-preview:-1"},"canonical":"https:\/\/www.swiss-driving-school.ch\/?page_id=4264","og_locale":"de_DE","og_type":"article","og_title":"Fahrzeuge Swiss Driving School Fahrzeuge Auto, Motorrad & Anh\u00e4nger Fahrschule Z\u00fcrich","og_description":"Endecke die modernen Fahrzeuge der Swiss Driving School in Z\u00fcrich, Auto, Motorrad, Roller und Anh\u00e4nger Fahrstunden mit leistungsstarken und sicheren Fahrzeugen f\u00fcr deine erfolgreiche Pr\u00fcfung.","og_url":"https:\/\/www.swiss-driving-school.ch\/?page_id=4264","og_site_name":"Swiss Driving School","article_modified_time":"2026-05-14T16:51:49+00:00","og_image":[{"width":1024,"height":1024,"url":"https:\/\/www.swiss-driving-school.ch\/wp-content\/uploads\/2026\/05\/SDS-Fahrzeuge-1024x1024.png","type":"image\/png"}],"twitter_card":"summary_large_image","twitter_title":"Fahrzeuge","twitter_misc":{"Gesch\u00e4tzte Lesezeit":"2\u00a0Minuten"},"schema":{"@context":"https:\/\/schema.org","@graph":[{"@type":"WebPage","@id":"https:\/\/www.swiss-driving-school.ch\/?page_id=4264","url":"https:\/\/www.swiss-driving-school.ch\/?page_id=4264","name":"Fahrzeuge - Swiss Driving School","isPartOf":{"@id":"https:\/\/www.swiss-driving-school.ch\/#website"},"primaryImageOfPage":{"@id":"https:\/\/www.swiss-driving-school.ch\/?page_id=4264#primaryimage"},"image":{"@id":"https:\/\/www.swiss-driving-school.ch\/?page_id=4264#primaryimage"},"thumbnailUrl":"https:\/\/www.swiss-driving-school.ch\/wp-content\/uploads\/2026\/05\/SDSYaris-1.png","datePublished":"2026-05-14T16:32:56+00:00","dateModified":"2026-05-14T16:51:49+00:00","breadcrumb":{"@id":"https:\/\/www.swiss-driving-school.ch\/?page_id=4264#breadcrumb"},"inLanguage":"de","potentialAction":[{"@type":"ReadAction","target":["https:\/\/www.swiss-driving-school.ch\/?page_id=4264"]}]},{"@type":"ImageObject","inLanguage":"de","@id":"https:\/\/www.swiss-driving-school.ch\/?page_id=4264#primaryimage","url":"https:\/\/i0.wp.com\/www.swiss-driving-school.ch\/wp-content\/uploads\/2026\/05\/SDSYaris-1.png?fit=1536%2C1024&ssl=1","contentUrl":"https:\/\/i0.wp.com\/www.swiss-driving-school.ch\/wp-content\/uploads\/2026\/05\/SDSYaris-1.png?fit=1536%2C1024&ssl=1","width":1536,"height":1024},{"@type":"BreadcrumbList","@id":"https:\/\/www.swiss-driving-school.ch\/?page_id=4264#breadcrumb","itemListElement":[{"@type":"ListItem","position":1,"name":"Startseite","item":"https:\/\/www.swiss-driving-school.ch\/"},{"@type":"ListItem","position":2,"name":"Fahrzeuge"}]},{"@type":"WebSite","@id":"https:\/\/www.swiss-driving-school.ch\/#website","url":"https:\/\/www.swiss-driving-school.ch\/","name":"Swiss Driving School","description":"Fahrschule","publisher":{"@id":"https:\/\/www.swiss-driving-school.ch\/#organization"},"potentialAction":[{"@type":"SearchAction","target":{"@type":"EntryPoint","urlTemplate":"https:\/\/www.swiss-driving-school.ch\/?s={search_term_string}"},"query-input":{"@type":"PropertyValueSpecification","valueRequired":true,"valueName":"search_term_string"}}],"inLanguage":"de"},{"@type":"Organization","@id":"https:\/\/www.swiss-driving-school.ch\/#organization","name":"Swiss Driving School","url":"https:\/\/www.swiss-driving-school.ch\/","logo":{"@type":"ImageObject","inLanguage":"de","@id":"https:\/\/www.swiss-driving-school.ch\/#\/schema\/logo\/image\/","url":"https:\/\/i0.wp.com\/www.swiss-driving-school.ch\/wp-content\/uploads\/2015\/06\/HomeLogo.jpg?fit=300%2C200&ssl=1","contentUrl":"https:\/\/i0.wp.com\/www.swiss-driving-school.ch\/wp-content\/uploads\/2015\/06\/HomeLogo.jpg?fit=300%2C200&ssl=1","width":300,"height":200,"caption":"Swiss Driving School"},"image":{"@id":"https:\/\/www.swiss-driving-school.ch\/#\/schema\/logo\/image\/"},"description":"Fahrschule in Z\u00fcrich und Umgebung mit Standorten in Oerlikon, B\u00fclach, Bassersdorf, Regensdorf und Wettingen. Ausbildung f\u00fcr Auto (Kat. B), Motorrad (A\/A1), Anh\u00e4nger (BE) und LKW (C\/CE), inklusive VKU und Pr\u00fcfungsvorbereitung. Flexible Fahrstunden, erfahrene Fahrlehrer und optimale Vorbereitung auf die Fahrpr\u00fcfung.","email":"reto@swiss-driving-school.ch","telephone":"0793778181","legalName":"Swiss Driving School"}]}},"jetpack_sharing_enabled":true,"jetpack_shortlink":"https:\/\/wp.me\/P7nbKh-16M","_links":{"self":[{"href":"https:\/\/www.swiss-driving-school.ch\/index.php?rest_route=\/wp\/v2\/pages\/4264","targetHints":{"allow":["GET"]}}],"collection":[{"href":"https:\/\/www.swiss-driving-school.ch\/index.php?rest_route=\/wp\/v2\/pages"}],"about":[{"href":"https:\/\/www.swiss-driving-school.ch\/index.php?rest_route=\/wp\/v2\/types\/page"}],"author":[{"embeddable":true,"href":"https:\/\/www.swiss-driving-school.ch\/index.php?rest_route=\/wp\/v2\/users\/1"}],"replies":[{"embeddable":true,"href":"https:\/\/www.swiss-driving-school.ch\/index.php?rest_route=%2Fwp%2Fv2%2Fcomments&post=4264"}],"version-history":[{"count":2,"href":"https:\/\/www.swiss-driving-school.ch\/index.php?rest_route=\/wp\/v2\/pages\/4264\/revisions"}],"predecessor-version":[{"id":4274,"href":"https:\/\/www.swiss-driving-school.ch\/index.php?rest_route=\/wp\/v2\/pages\/4264\/revisions\/4274"}],"wp:attachment":[{"href":"https:\/\/www.swiss-driving-school.ch\/index.php?rest_route=%2Fwp%2Fv2%2Fmedia&parent=4264"}],"curies":[{"name":"wp","href":"https:\/\/api.w.org\/{rel}","templated":true}]}}