{"id":4235,"date":"2026-05-11T20:51:07","date_gmt":"2026-05-11T18:51:07","guid":{"rendered":"https:\/\/www.swiss-driving-school.ch\/?page_id=4235"},"modified":"2026-05-11T22:08:54","modified_gmt":"2026-05-11T20:08:54","slug":"taxi-schulbus","status":"publish","type":"page","link":"https:\/\/www.swiss-driving-school.ch\/?page_id=4235","title":{"rendered":"Taxi \/ Schulbus"},"content":{"rendered":"\n<figure class=\"wp-block-image size-full\"><a href=\"https:\/\/i0.wp.com\/www.swiss-driving-school.ch\/wp-content\/uploads\/2026\/05\/SDSTaxi2.png?ssl=1\"><img data-recalc-dims=\"1\" fetchpriority=\"high\" decoding=\"async\" width=\"1000\" height=\"667\" src=\"https:\/\/i0.wp.com\/www.swiss-driving-school.ch\/wp-content\/uploads\/2026\/05\/SDSTaxi2.png?resize=1000%2C667&#038;ssl=1\" alt=\"\" class=\"wp-image-4240\" srcset=\"https:\/\/i0.wp.com\/www.swiss-driving-school.ch\/wp-content\/uploads\/2026\/05\/SDSTaxi2.png?w=1536&amp;ssl=1 1536w, https:\/\/i0.wp.com\/www.swiss-driving-school.ch\/wp-content\/uploads\/2026\/05\/SDSTaxi2.png?resize=768%2C512&amp;ssl=1 768w, https:\/\/i0.wp.com\/www.swiss-driving-school.ch\/wp-content\/uploads\/2026\/05\/SDSTaxi2.png?resize=600%2C400&amp;ssl=1 600w\" sizes=\"(max-width: 1000px) 100vw, 1000px\" \/><\/a><\/figure>\n\n\n\n<p><strong>Ausbildung f\u00fcr berufsm\u00e4ssigen Personentransport (BPT)<\/strong><\/p>\n\n\n\n<p>M\u00f6chtest Du Personen berufsm\u00e4ssig transportieren \u2013 sei es als Taxi-Fahrer\/in oder im Schulbusdienst? Wir begleiten Dich kompetent auf dem Weg zum entsprechenden F\u00fchrerausweis.<\/p>\n\n\n\n<p><strong>Taxi BPT 121<\/strong><\/p>\n\n\n\n<p>F\u00fcr den berufsm\u00e4ssigen Personentransport mit dem Taxi ben\u00f6tigst Du die Kategorie&nbsp;<strong>BPT 121<\/strong>.<br>Zus\u00e4tzlich zur praktischen F\u00fchrerpr\u00fcfung muss hier noch eine Theoriepr\u00fcfung \u00fcber die&nbsp;<strong>ARV 2 (Arbeits- und Ruhezeitverordnung)<\/strong>&nbsp;absolviert werden.<\/p>\n\n\n\n<p><strong>Schulbus BPT 122<\/strong><\/p>\n\n\n\n<p>F\u00fcr den Schulbusdienst ben\u00f6tigst Du die Kategorie&nbsp;<strong>BPT 122<\/strong>.<br>Im Gegensatz zum Taxi ist hierf\u00fcr&nbsp;<strong>keine zus\u00e4tzliche Theoriepr\u00fcfung<\/strong>&nbsp;erforderlich.<\/p>\n\n\n\n<p><strong>Was bei beiden Kategorien gleich ist<\/strong><\/p>\n\n\n\n<p>Sowohl f\u00fcr&nbsp;<strong>BPT 121<\/strong>&nbsp;als auch f\u00fcr&nbsp;<strong>BPT 122<\/strong>&nbsp;gelten folgende Voraussetzungen:<\/p>\n\n\n\n<ul class=\"wp-block-list\">\n<li>\u00c4rztliche Untersuchung bei einem vom Strassenverkehrsamt anerkannten Arzt<\/li>\n\n\n\n<li>Identische praktische F\u00fchrerpr\u00fcfung<\/li>\n\n\n\n<li>Eignung f\u00fcr den berufsm\u00e4ssigen Personentransport<\/li>\n<\/ul>\n\n\n\n<p><strong>Wir beraten Dich gerne<\/strong><\/p>\n\n\n\n<p>Interessierst Du Dich f\u00fcr dieses zus\u00e4tzliche Berufsfeld?<br>Gerne beraten wir Dich pers\u00f6nlich und begleiten Dich Schritt f\u00fcr Schritt auf dem Weg zur erfolgreichen Pr\u00fcfung.<\/p>\n","protected":false},"excerpt":{"rendered":"<p>Ausbildung f\u00fcr berufsm\u00e4ssigen Personentransport (BPT) M\u00f6chtest Du Personen berufsm\u00e4ssig transportieren \u2013 sei es als Taxi-Fahrer\/in oder im Schulbusdienst? Wir begleiten Dich kompetent auf dem Weg zum entsprechenden F\u00fchrerausweis. Taxi BPT 121 F\u00fcr den berufsm\u00e4ssigen Personentransport mit dem Taxi ben\u00f6tigst Du die Kategorie&nbsp;BPT 121.Zus\u00e4tzlich zur praktischen F\u00fchrerpr\u00fcfung muss hier noch eine Theoriepr\u00fcfung \u00fcber die&nbsp;ARV 2 (Arbeits- und Ruhezeitverordnung)&nbsp;absolviert werden. Schulbus BPT 122 F\u00fcr den Schulbusdienst ben\u00f6tigst Du die Kategorie&nbsp;BPT 122.Im Gegensatz zum Taxi ist hierf\u00fcr&nbsp;keine zus\u00e4tzliche Theoriepr\u00fcfung&nbsp;erforderlich. Was bei beiden Kategorien gleich ist Sowohl f\u00fcr&nbsp;BPT 121&nbsp;als auch f\u00fcr&nbsp;BPT 122&nbsp;gelten folgende Voraussetzungen: Wir beraten Dich gerne Interessierst Du Dich f\u00fcr dieses zus\u00e4tzliche Berufsfeld?Gerne beraten wir Dich pers\u00f6nlich und begleiten Dich Schritt f\u00fcr Schritt auf dem Weg zur erfolgreichen Pr\u00fcfung.<\/p>\n","protected":false},"author":1,"featured_media":0,"parent":0,"menu_order":0,"comment_status":"closed","ping_status":"closed","template":"","meta":{"ngg_post_thumbnail":0,"footnotes":""},"class_list":["post-4235","page","type-page","status-publish","hentry"],"yoast_head":"<!-- This site is optimized with the Yoast SEO Premium plugin v27.5 (Yoast SEO v27.5) - https:\/\/yoast.com\/product\/yoast-seo-premium-wordpress\/ -->\n<title>Taxi \/ Schulbus - Swiss Driving School<\/title>\n<meta name=\"robots\" content=\"index, follow, max-snippet:-1, max-image-preview:large, max-video-preview:-1\" \/>\n<link rel=\"canonical\" href=\"https:\/\/www.swiss-driving-school.ch\/?page_id=4235\" \/>\n<meta property=\"og:locale\" content=\"de_DE\" \/>\n<meta property=\"og:type\" content=\"article\" \/>\n<meta property=\"og:title\" content=\"Taxi \/ Schulbus BPT Ausbildung Z\u00fcrich \u2013 Taxi &amp; Schulbus Pr\u00fcfung erfolgreich bestehen\" \/>\n<meta property=\"og:description\" content=\"Ausbildung f\u00fcr berufsm\u00e4ssigen Personentransport BPT 121 &amp; BPT 122. Vorbereitung auf Taxi- und Schulbuspr\u00fcfung inklusive Beratung, Fahrstunden und Pr\u00fcfungstraining in Z\u00fcrich.\" \/>\n<meta property=\"og:url\" content=\"https:\/\/www.swiss-driving-school.ch\/?page_id=4235\" \/>\n<meta property=\"og:site_name\" content=\"Swiss Driving School\" \/>\n<meta property=\"article:modified_time\" content=\"2026-05-11T20:08:54+00:00\" \/>\n<meta property=\"og:image\" content=\"https:\/\/www.swiss-driving-school.ch\/wp-content\/uploads\/2026\/05\/SDSTaxi2.png\" \/>\n<meta name=\"twitter:card\" content=\"summary_large_image\" \/>\n<meta name=\"twitter:title\" content=\"Taxi \/ Schulbus\" \/>\n<meta name=\"twitter:label1\" content=\"Gesch\u00e4tzte Lesezeit\" \/>\n\t<meta name=\"twitter:data1\" content=\"2\u00a0Minuten\" \/>\n<script type=\"application\/ld+json\" class=\"yoast-schema-graph\">{\"@context\":\"https:\\\/\\\/schema.org\",\"@graph\":[{\"@type\":\"WebPage\",\"@id\":\"https:\\\/\\\/www.swiss-driving-school.ch\\\/?page_id=4235\",\"url\":\"https:\\\/\\\/www.swiss-driving-school.ch\\\/?page_id=4235\",\"name\":\"Taxi \\\/ Schulbus - Swiss Driving School\",\"isPartOf\":{\"@id\":\"https:\\\/\\\/www.swiss-driving-school.ch\\\/#website\"},\"primaryImageOfPage\":{\"@id\":\"https:\\\/\\\/www.swiss-driving-school.ch\\\/?page_id=4235#primaryimage\"},\"image\":{\"@id\":\"https:\\\/\\\/www.swiss-driving-school.ch\\\/?page_id=4235#primaryimage\"},\"thumbnailUrl\":\"https:\\\/\\\/www.swiss-driving-school.ch\\\/wp-content\\\/uploads\\\/2026\\\/05\\\/SDSTaxi2.png\",\"datePublished\":\"2026-05-11T18:51:07+00:00\",\"dateModified\":\"2026-05-11T20:08:54+00:00\",\"breadcrumb\":{\"@id\":\"https:\\\/\\\/www.swiss-driving-school.ch\\\/?page_id=4235#breadcrumb\"},\"inLanguage\":\"de\",\"potentialAction\":[{\"@type\":\"ReadAction\",\"target\":[\"https:\\\/\\\/www.swiss-driving-school.ch\\\/?page_id=4235\"]}]},{\"@type\":\"ImageObject\",\"inLanguage\":\"de\",\"@id\":\"https:\\\/\\\/www.swiss-driving-school.ch\\\/?page_id=4235#primaryimage\",\"url\":\"https:\\\/\\\/i0.wp.com\\\/www.swiss-driving-school.ch\\\/wp-content\\\/uploads\\\/2026\\\/05\\\/SDSTaxi2.png?fit=1536%2C1024&ssl=1\",\"contentUrl\":\"https:\\\/\\\/i0.wp.com\\\/www.swiss-driving-school.ch\\\/wp-content\\\/uploads\\\/2026\\\/05\\\/SDSTaxi2.png?fit=1536%2C1024&ssl=1\",\"width\":1536,\"height\":1024},{\"@type\":\"BreadcrumbList\",\"@id\":\"https:\\\/\\\/www.swiss-driving-school.ch\\\/?page_id=4235#breadcrumb\",\"itemListElement\":[{\"@type\":\"ListItem\",\"position\":1,\"name\":\"Startseite\",\"item\":\"https:\\\/\\\/www.swiss-driving-school.ch\\\/\"},{\"@type\":\"ListItem\",\"position\":2,\"name\":\"Taxi \\\/ Schulbus\"}]},{\"@type\":\"WebSite\",\"@id\":\"https:\\\/\\\/www.swiss-driving-school.ch\\\/#website\",\"url\":\"https:\\\/\\\/www.swiss-driving-school.ch\\\/\",\"name\":\"Swiss Driving School\",\"description\":\"Fahrschule\",\"publisher\":{\"@id\":\"https:\\\/\\\/www.swiss-driving-school.ch\\\/#organization\"},\"potentialAction\":[{\"@type\":\"SearchAction\",\"target\":{\"@type\":\"EntryPoint\",\"urlTemplate\":\"https:\\\/\\\/www.swiss-driving-school.ch\\\/?s={search_term_string}\"},\"query-input\":{\"@type\":\"PropertyValueSpecification\",\"valueRequired\":true,\"valueName\":\"search_term_string\"}}],\"inLanguage\":\"de\"},{\"@type\":\"Organization\",\"@id\":\"https:\\\/\\\/www.swiss-driving-school.ch\\\/#organization\",\"name\":\"Swiss Driving School\",\"url\":\"https:\\\/\\\/www.swiss-driving-school.ch\\\/\",\"logo\":{\"@type\":\"ImageObject\",\"inLanguage\":\"de\",\"@id\":\"https:\\\/\\\/www.swiss-driving-school.ch\\\/#\\\/schema\\\/logo\\\/image\\\/\",\"url\":\"https:\\\/\\\/i0.wp.com\\\/www.swiss-driving-school.ch\\\/wp-content\\\/uploads\\\/2015\\\/06\\\/HomeLogo.jpg?fit=300%2C200&ssl=1\",\"contentUrl\":\"https:\\\/\\\/i0.wp.com\\\/www.swiss-driving-school.ch\\\/wp-content\\\/uploads\\\/2015\\\/06\\\/HomeLogo.jpg?fit=300%2C200&ssl=1\",\"width\":300,\"height\":200,\"caption\":\"Swiss Driving School\"},\"image\":{\"@id\":\"https:\\\/\\\/www.swiss-driving-school.ch\\\/#\\\/schema\\\/logo\\\/image\\\/\"},\"description\":\"Fahrschule in Z\u00fcrich und Umgebung mit Standorten in Oerlikon, B\u00fclach, Bassersdorf, Regensdorf und Wettingen. Ausbildung f\u00fcr Auto (Kat. B), Motorrad (A\\\/A1), Anh\u00e4nger (BE) und LKW (C\\\/CE), inklusive VKU und Pr\u00fcfungsvorbereitung. Flexible Fahrstunden, erfahrene Fahrlehrer und optimale Vorbereitung auf die Fahrpr\u00fcfung.\",\"email\":\"reto@swiss-driving-school.ch\",\"telephone\":\"0793778181\",\"legalName\":\"Swiss Driving School\"}]}<\/script>\n<!-- \/ Yoast SEO Premium plugin. -->","yoast_head_json":{"title":"Taxi \/ Schulbus - Swiss Driving School","robots":{"index":"index","follow":"follow","max-snippet":"max-snippet:-1","max-image-preview":"max-image-preview:large","max-video-preview":"max-video-preview:-1"},"canonical":"https:\/\/www.swiss-driving-school.ch\/?page_id=4235","og_locale":"de_DE","og_type":"article","og_title":"Taxi \/ Schulbus BPT Ausbildung Z\u00fcrich \u2013 Taxi & Schulbus Pr\u00fcfung erfolgreich bestehen","og_description":"Ausbildung f\u00fcr berufsm\u00e4ssigen Personentransport BPT 121 & BPT 122. Vorbereitung auf Taxi- und Schulbuspr\u00fcfung inklusive Beratung, Fahrstunden und Pr\u00fcfungstraining in Z\u00fcrich.","og_url":"https:\/\/www.swiss-driving-school.ch\/?page_id=4235","og_site_name":"Swiss Driving School","article_modified_time":"2026-05-11T20:08:54+00:00","og_image":[{"url":"https:\/\/www.swiss-driving-school.ch\/wp-content\/uploads\/2026\/05\/SDSTaxi2.png","type":"","width":"","height":""}],"twitter_card":"summary_large_image","twitter_title":"Taxi \/ Schulbus","twitter_misc":{"Gesch\u00e4tzte Lesezeit":"2\u00a0Minuten"},"schema":{"@context":"https:\/\/schema.org","@graph":[{"@type":"WebPage","@id":"https:\/\/www.swiss-driving-school.ch\/?page_id=4235","url":"https:\/\/www.swiss-driving-school.ch\/?page_id=4235","name":"Taxi \/ Schulbus - Swiss Driving School","isPartOf":{"@id":"https:\/\/www.swiss-driving-school.ch\/#website"},"primaryImageOfPage":{"@id":"https:\/\/www.swiss-driving-school.ch\/?page_id=4235#primaryimage"},"image":{"@id":"https:\/\/www.swiss-driving-school.ch\/?page_id=4235#primaryimage"},"thumbnailUrl":"https:\/\/www.swiss-driving-school.ch\/wp-content\/uploads\/2026\/05\/SDSTaxi2.png","datePublished":"2026-05-11T18:51:07+00:00","dateModified":"2026-05-11T20:08:54+00:00","breadcrumb":{"@id":"https:\/\/www.swiss-driving-school.ch\/?page_id=4235#breadcrumb"},"inLanguage":"de","potentialAction":[{"@type":"ReadAction","target":["https:\/\/www.swiss-driving-school.ch\/?page_id=4235"]}]},{"@type":"ImageObject","inLanguage":"de","@id":"https:\/\/www.swiss-driving-school.ch\/?page_id=4235#primaryimage","url":"https:\/\/i0.wp.com\/www.swiss-driving-school.ch\/wp-content\/uploads\/2026\/05\/SDSTaxi2.png?fit=1536%2C1024&ssl=1","contentUrl":"https:\/\/i0.wp.com\/www.swiss-driving-school.ch\/wp-content\/uploads\/2026\/05\/SDSTaxi2.png?fit=1536%2C1024&ssl=1","width":1536,"height":1024},{"@type":"BreadcrumbList","@id":"https:\/\/www.swiss-driving-school.ch\/?page_id=4235#breadcrumb","itemListElement":[{"@type":"ListItem","position":1,"name":"Startseite","item":"https:\/\/www.swiss-driving-school.ch\/"},{"@type":"ListItem","position":2,"name":"Taxi \/ Schulbus"}]},{"@type":"WebSite","@id":"https:\/\/www.swiss-driving-school.ch\/#website","url":"https:\/\/www.swiss-driving-school.ch\/","name":"Swiss Driving School","description":"Fahrschule","publisher":{"@id":"https:\/\/www.swiss-driving-school.ch\/#organization"},"potentialAction":[{"@type":"SearchAction","target":{"@type":"EntryPoint","urlTemplate":"https:\/\/www.swiss-driving-school.ch\/?s={search_term_string}"},"query-input":{"@type":"PropertyValueSpecification","valueRequired":true,"valueName":"search_term_string"}}],"inLanguage":"de"},{"@type":"Organization","@id":"https:\/\/www.swiss-driving-school.ch\/#organization","name":"Swiss Driving School","url":"https:\/\/www.swiss-driving-school.ch\/","logo":{"@type":"ImageObject","inLanguage":"de","@id":"https:\/\/www.swiss-driving-school.ch\/#\/schema\/logo\/image\/","url":"https:\/\/i0.wp.com\/www.swiss-driving-school.ch\/wp-content\/uploads\/2015\/06\/HomeLogo.jpg?fit=300%2C200&ssl=1","contentUrl":"https:\/\/i0.wp.com\/www.swiss-driving-school.ch\/wp-content\/uploads\/2015\/06\/HomeLogo.jpg?fit=300%2C200&ssl=1","width":300,"height":200,"caption":"Swiss Driving School"},"image":{"@id":"https:\/\/www.swiss-driving-school.ch\/#\/schema\/logo\/image\/"},"description":"Fahrschule in Z\u00fcrich und Umgebung mit Standorten in Oerlikon, B\u00fclach, Bassersdorf, Regensdorf und Wettingen. Ausbildung f\u00fcr Auto (Kat. B), Motorrad (A\/A1), Anh\u00e4nger (BE) und LKW (C\/CE), inklusive VKU und Pr\u00fcfungsvorbereitung. Flexible Fahrstunden, erfahrene Fahrlehrer und optimale Vorbereitung auf die Fahrpr\u00fcfung.","email":"reto@swiss-driving-school.ch","telephone":"0793778181","legalName":"Swiss Driving School"}]}},"jetpack_sharing_enabled":true,"jetpack_shortlink":"https:\/\/wp.me\/P7nbKh-16j","_links":{"self":[{"href":"https:\/\/www.swiss-driving-school.ch\/index.php?rest_route=\/wp\/v2\/pages\/4235","targetHints":{"allow":["GET"]}}],"collection":[{"href":"https:\/\/www.swiss-driving-school.ch\/index.php?rest_route=\/wp\/v2\/pages"}],"about":[{"href":"https:\/\/www.swiss-driving-school.ch\/index.php?rest_route=\/wp\/v2\/types\/page"}],"author":[{"embeddable":true,"href":"https:\/\/www.swiss-driving-school.ch\/index.php?rest_route=\/wp\/v2\/users\/1"}],"replies":[{"embeddable":true,"href":"https:\/\/www.swiss-driving-school.ch\/index.php?rest_route=%2Fwp%2Fv2%2Fcomments&post=4235"}],"version-history":[{"count":2,"href":"https:\/\/www.swiss-driving-school.ch\/index.php?rest_route=\/wp\/v2\/pages\/4235\/revisions"}],"predecessor-version":[{"id":4242,"href":"https:\/\/www.swiss-driving-school.ch\/index.php?rest_route=\/wp\/v2\/pages\/4235\/revisions\/4242"}],"wp:attachment":[{"href":"https:\/\/www.swiss-driving-school.ch\/index.php?rest_route=%2Fwp%2Fv2%2Fmedia&parent=4235"}],"curies":[{"name":"wp","href":"https:\/\/api.w.org\/{rel}","templated":true}]}}