{"id":2559,"date":"2023-12-09T17:05:25","date_gmt":"2023-12-09T16:05:25","guid":{"rendered":"https:\/\/www.swiss-driving-school.ch\/?page_id=2559"},"modified":"2026-02-03T14:17:13","modified_gmt":"2026-02-03T13:17:13","slug":"fahrlehrer-czv-weiterbildung-zuerich-swiss-driving-school","status":"publish","type":"page","link":"https:\/\/www.swiss-driving-school.ch\/?page_id=2559","title":{"rendered":"Weiterbildung"},"content":{"rendered":"\n<h1 class=\"wp-block-heading has-text-align-center has-large-font-size\" id=\"h-fahrlehrer-auto\"><a href=\"https:\/\/www.swiss-driving-school.ch\/?page_id=2555\"><strong>Fahrlehrer Auto<\/strong> <\/a><\/h1>\n\n\n<div class=\"wp-block-image\">\n<figure class=\"aligncenter size-large is-resized\"><a href=\"https:\/\/www.swiss-driving-school.ch\/?page_id=2555\"><img data-recalc-dims=\"1\" loading=\"lazy\" decoding=\"async\" width=\"1000\" height=\"1000\" src=\"https:\/\/i0.wp.com\/www.swiss-driving-school.ch\/wp-content\/uploads\/2023\/12\/FL-GR.jpg?resize=1000%2C1000&#038;ssl=1\" alt=\"\" class=\"wp-image-2568\" style=\"width:224px;height:auto\" srcset=\"https:\/\/i0.wp.com\/www.swiss-driving-school.ch\/wp-content\/uploads\/2023\/12\/FL-GR.jpg?resize=1024%2C1024&amp;ssl=1 1024w, https:\/\/i0.wp.com\/www.swiss-driving-school.ch\/wp-content\/uploads\/2023\/12\/FL-GR.jpg?resize=300%2C300&amp;ssl=1 300w, https:\/\/i0.wp.com\/www.swiss-driving-school.ch\/wp-content\/uploads\/2023\/12\/FL-GR.jpg?resize=150%2C150&amp;ssl=1 150w, https:\/\/i0.wp.com\/www.swiss-driving-school.ch\/wp-content\/uploads\/2023\/12\/FL-GR.jpg?resize=1536%2C1536&amp;ssl=1 1536w, https:\/\/i0.wp.com\/www.swiss-driving-school.ch\/wp-content\/uploads\/2023\/12\/FL-GR.jpg?resize=2048%2C2048&amp;ssl=1 2048w, https:\/\/i0.wp.com\/www.swiss-driving-school.ch\/wp-content\/uploads\/2023\/12\/FL-GR.jpg?resize=100%2C100&amp;ssl=1 100w\" sizes=\"auto, (max-width: 1000px) 100vw, 1000px\" \/><\/a><\/figure>\n<\/div>\n\n\n<p><\/p>\n\n\n\n<h1 class=\"wp-block-heading has-text-align-center has-large-font-size\" id=\"h-fahrlehrer-moto\"><strong><a href=\"https:\/\/www.swiss-driving-school.ch\/?page_id=2617\">Fahrlehrer Moto<\/a><\/strong>   <\/h1>\n\n\n<div class=\"wp-block-image\">\n<figure class=\"aligncenter size-large is-resized\"><a href=\"https:\/\/www.swiss-driving-school.ch\/?page_id=2617\"><img data-recalc-dims=\"1\" loading=\"lazy\" decoding=\"async\" width=\"1000\" height=\"1000\" src=\"https:\/\/i0.wp.com\/www.swiss-driving-school.ch\/wp-content\/uploads\/2023\/12\/FL-Moto.jpg?resize=1000%2C1000&#038;ssl=1\" alt=\"\" class=\"wp-image-2569\" style=\"width:231px;height:auto\" srcset=\"https:\/\/i0.wp.com\/www.swiss-driving-school.ch\/wp-content\/uploads\/2023\/12\/FL-Moto.jpg?resize=1024%2C1024&amp;ssl=1 1024w, https:\/\/i0.wp.com\/www.swiss-driving-school.ch\/wp-content\/uploads\/2023\/12\/FL-Moto.jpg?resize=300%2C300&amp;ssl=1 300w, https:\/\/i0.wp.com\/www.swiss-driving-school.ch\/wp-content\/uploads\/2023\/12\/FL-Moto.jpg?resize=150%2C150&amp;ssl=1 150w, https:\/\/i0.wp.com\/www.swiss-driving-school.ch\/wp-content\/uploads\/2023\/12\/FL-Moto.jpg?resize=1536%2C1536&amp;ssl=1 1536w, https:\/\/i0.wp.com\/www.swiss-driving-school.ch\/wp-content\/uploads\/2023\/12\/FL-Moto.jpg?resize=2048%2C2048&amp;ssl=1 2048w, https:\/\/i0.wp.com\/www.swiss-driving-school.ch\/wp-content\/uploads\/2023\/12\/FL-Moto.jpg?resize=100%2C100&amp;ssl=1 100w\" sizes=\"auto, (max-width: 1000px) 100vw, 1000px\" \/><\/a><\/figure>\n<\/div>\n\n\n<h1 class=\"wp-block-heading has-text-align-center\"> <strong><a href=\"https:\/\/www.swiss-driving-school.ch\/?page_id=2607\">Fahrlehrer LKW<\/a><\/strong><\/h1>\n\n\n<div class=\"wp-block-image\">\n<figure class=\"aligncenter size-large is-resized\"><a href=\"https:\/\/www.swiss-driving-school.ch\/?page_id=2607\"><img data-recalc-dims=\"1\" loading=\"lazy\" decoding=\"async\" width=\"1000\" height=\"1000\" src=\"https:\/\/i0.wp.com\/www.swiss-driving-school.ch\/wp-content\/uploads\/2023\/12\/LKLKW.jpg?resize=1000%2C1000&#038;ssl=1\" alt=\"\" class=\"wp-image-2573\" style=\"width:231px;height:auto\" srcset=\"https:\/\/i0.wp.com\/www.swiss-driving-school.ch\/wp-content\/uploads\/2023\/12\/LKLKW.jpg?resize=1024%2C1024&amp;ssl=1 1024w, https:\/\/i0.wp.com\/www.swiss-driving-school.ch\/wp-content\/uploads\/2023\/12\/LKLKW.jpg?resize=300%2C300&amp;ssl=1 300w, https:\/\/i0.wp.com\/www.swiss-driving-school.ch\/wp-content\/uploads\/2023\/12\/LKLKW.jpg?resize=150%2C150&amp;ssl=1 150w, https:\/\/i0.wp.com\/www.swiss-driving-school.ch\/wp-content\/uploads\/2023\/12\/LKLKW.jpg?resize=1536%2C1536&amp;ssl=1 1536w, https:\/\/i0.wp.com\/www.swiss-driving-school.ch\/wp-content\/uploads\/2023\/12\/LKLKW.jpg?resize=2048%2C2048&amp;ssl=1 2048w, https:\/\/i0.wp.com\/www.swiss-driving-school.ch\/wp-content\/uploads\/2023\/12\/LKLKW.jpg?resize=100%2C100&amp;ssl=1 100w\" sizes=\"auto, (max-width: 1000px) 100vw, 1000px\" \/><\/a><\/figure>\n<\/div>\n\n\n<p class=\"has-text-align-center has-large-font-size\">   <a href=\"https:\/\/www.swiss-driving-school.ch\/?page_id=2637\"><strong>CZV<\/strong><\/a><\/p>\n\n\n<div class=\"wp-block-image\">\n<figure class=\"aligncenter size-large is-resized\"><a href=\"https:\/\/www.swiss-driving-school.ch\/?page_id=2637\"><img data-recalc-dims=\"1\" loading=\"lazy\" decoding=\"async\" width=\"1000\" height=\"1000\" src=\"https:\/\/i0.wp.com\/www.swiss-driving-school.ch\/wp-content\/uploads\/2023\/12\/LKLKW.jpg?resize=1000%2C1000&#038;ssl=1\" alt=\"\" class=\"wp-image-2573\" style=\"width:235px;height:auto\" srcset=\"https:\/\/i0.wp.com\/www.swiss-driving-school.ch\/wp-content\/uploads\/2023\/12\/LKLKW.jpg?resize=1024%2C1024&amp;ssl=1 1024w, https:\/\/i0.wp.com\/www.swiss-driving-school.ch\/wp-content\/uploads\/2023\/12\/LKLKW.jpg?resize=300%2C300&amp;ssl=1 300w, https:\/\/i0.wp.com\/www.swiss-driving-school.ch\/wp-content\/uploads\/2023\/12\/LKLKW.jpg?resize=150%2C150&amp;ssl=1 150w, https:\/\/i0.wp.com\/www.swiss-driving-school.ch\/wp-content\/uploads\/2023\/12\/LKLKW.jpg?resize=1536%2C1536&amp;ssl=1 1536w, https:\/\/i0.wp.com\/www.swiss-driving-school.ch\/wp-content\/uploads\/2023\/12\/LKLKW.jpg?resize=2048%2C2048&amp;ssl=1 2048w, https:\/\/i0.wp.com\/www.swiss-driving-school.ch\/wp-content\/uploads\/2023\/12\/LKLKW.jpg?resize=100%2C100&amp;ssl=1 100w\" sizes=\"auto, (max-width: 1000px) 100vw, 1000px\" \/><\/a><\/figure>\n<\/div>\n\n\n<p class=\"has-text-align-center has-medium-font-size\"><\/p>\n","protected":false},"excerpt":{"rendered":"<p>Fahrlehrer Auto Fahrlehrer Moto Fahrlehrer LKW CZV<\/p>\n","protected":false},"author":1,"featured_media":0,"parent":0,"menu_order":0,"comment_status":"closed","ping_status":"closed","template":"","meta":{"ngg_post_thumbnail":0,"jetpack_post_was_ever_published":false,"footnotes":""},"class_list":["post-2559","page","type-page","status-publish","hentry"],"yoast_head":"<!-- This site is optimized with the Yoast SEO Premium plugin v27.3 (Yoast SEO v27.5) - https:\/\/yoast.com\/product\/yoast-seo-premium-wordpress\/ -->\n<title>Fahrlehrer und CZV Weiterbildungen Z\u00fcrich<\/title>\n<meta name=\"description\" content=\"Professionelle Weiterbildung f\u00fcr Fahrlehrer , LKW, Motorrad, Auto , CZV Kurse und Fahrtrainings in Z\u00fcrich , Jetzt Kurse buchen\" \/>\n<meta name=\"robots\" content=\"index, follow, max-snippet:-1, max-image-preview:large, max-video-preview:-1\" \/>\n<link rel=\"canonical\" href=\"https:\/\/www.swiss-driving-school.ch\/?page_id=2559\" \/>\n<meta property=\"og:locale\" content=\"de_DE\" \/>\n<meta property=\"og:type\" content=\"article\" \/>\n<meta property=\"og:title\" content=\"Fahrlehrer &amp; CZV Weiterbildungen Z\u00fcrich\" \/>\n<meta property=\"og:description\" content=\"Deine Experten f\u00fcr professionelle Weiterbildungen,Ob Fahrlehrer- Kurse , CZV- Weiterbildungen oder Fahrtrainings - wir bringendich sicher weiter . Jetzt informieren &amp; anmelden\" \/>\n<meta property=\"og:url\" content=\"https:\/\/www.swiss-driving-school.ch\/?page_id=2559\" \/>\n<meta property=\"og:site_name\" content=\"Swiss Driving School\" \/>\n<meta property=\"article:modified_time\" content=\"2026-02-03T13:17:13+00:00\" \/>\n<meta property=\"og:image\" content=\"https:\/\/www.swiss-driving-school.ch\/wp-content\/uploads\/2023\/12\/FL-GR-1024x1024.jpg\" \/>\n<meta name=\"twitter:card\" content=\"summary_large_image\" \/>\n<meta name=\"twitter:title\" content=\"Weiterbildung\" \/>\n<meta name=\"twitter:label1\" content=\"Gesch\u00e4tzte Lesezeit\" \/>\n\t<meta name=\"twitter:data1\" content=\"1\u00a0Minute\" \/>\n<script type=\"application\/ld+json\" class=\"yoast-schema-graph\">{\"@context\":\"https:\\\/\\\/schema.org\",\"@graph\":[{\"@type\":\"WebPage\",\"@id\":\"https:\\\/\\\/www.swiss-driving-school.ch\\\/?page_id=2559\",\"url\":\"https:\\\/\\\/www.swiss-driving-school.ch\\\/?page_id=2559\",\"name\":\"Fahrlehrer und CZV Weiterbildungen Z\u00fcrich\",\"isPartOf\":{\"@id\":\"https:\\\/\\\/www.swiss-driving-school.ch\\\/#website\"},\"primaryImageOfPage\":{\"@id\":\"https:\\\/\\\/www.swiss-driving-school.ch\\\/?page_id=2559#primaryimage\"},\"image\":{\"@id\":\"https:\\\/\\\/www.swiss-driving-school.ch\\\/?page_id=2559#primaryimage\"},\"thumbnailUrl\":\"https:\\\/\\\/www.swiss-driving-school.ch\\\/wp-content\\\/uploads\\\/2023\\\/12\\\/FL-GR-1024x1024.jpg\",\"datePublished\":\"2023-12-09T16:05:25+00:00\",\"dateModified\":\"2026-02-03T13:17:13+00:00\",\"description\":\"Professionelle Weiterbildung f\u00fcr Fahrlehrer , LKW, Motorrad, Auto , CZV Kurse und Fahrtrainings in Z\u00fcrich , Jetzt Kurse buchen\",\"breadcrumb\":{\"@id\":\"https:\\\/\\\/www.swiss-driving-school.ch\\\/?page_id=2559#breadcrumb\"},\"inLanguage\":\"de\",\"potentialAction\":[{\"@type\":\"ReadAction\",\"target\":[\"https:\\\/\\\/www.swiss-driving-school.ch\\\/?page_id=2559\"]}]},{\"@type\":\"ImageObject\",\"inLanguage\":\"de\",\"@id\":\"https:\\\/\\\/www.swiss-driving-school.ch\\\/?page_id=2559#primaryimage\",\"url\":\"https:\\\/\\\/i0.wp.com\\\/www.swiss-driving-school.ch\\\/wp-content\\\/uploads\\\/2023\\\/12\\\/FL-GR.jpg?fit=350%2C306&ssl=1\",\"contentUrl\":\"https:\\\/\\\/i0.wp.com\\\/www.swiss-driving-school.ch\\\/wp-content\\\/uploads\\\/2023\\\/12\\\/FL-GR.jpg?fit=350%2C306&ssl=1\",\"width\":350,\"height\":306},{\"@type\":\"BreadcrumbList\",\"@id\":\"https:\\\/\\\/www.swiss-driving-school.ch\\\/?page_id=2559#breadcrumb\",\"itemListElement\":[{\"@type\":\"ListItem\",\"position\":1,\"name\":\"Startseite\",\"item\":\"https:\\\/\\\/www.swiss-driving-school.ch\\\/\"},{\"@type\":\"ListItem\",\"position\":2,\"name\":\"Weiterbildung\"}]},{\"@type\":\"WebSite\",\"@id\":\"https:\\\/\\\/www.swiss-driving-school.ch\\\/#website\",\"url\":\"https:\\\/\\\/www.swiss-driving-school.ch\\\/\",\"name\":\"Swiss Driving School\",\"description\":\"Fahrschule\",\"publisher\":{\"@id\":\"https:\\\/\\\/www.swiss-driving-school.ch\\\/#organization\"},\"potentialAction\":[{\"@type\":\"SearchAction\",\"target\":{\"@type\":\"EntryPoint\",\"urlTemplate\":\"https:\\\/\\\/www.swiss-driving-school.ch\\\/?s={search_term_string}\"},\"query-input\":{\"@type\":\"PropertyValueSpecification\",\"valueRequired\":true,\"valueName\":\"search_term_string\"}}],\"inLanguage\":\"de\"},{\"@type\":\"Organization\",\"@id\":\"https:\\\/\\\/www.swiss-driving-school.ch\\\/#organization\",\"name\":\"Swiss Driving School\",\"url\":\"https:\\\/\\\/www.swiss-driving-school.ch\\\/\",\"logo\":{\"@type\":\"ImageObject\",\"inLanguage\":\"de\",\"@id\":\"https:\\\/\\\/www.swiss-driving-school.ch\\\/#\\\/schema\\\/logo\\\/image\\\/\",\"url\":\"https:\\\/\\\/i0.wp.com\\\/www.swiss-driving-school.ch\\\/wp-content\\\/uploads\\\/2015\\\/06\\\/HomeLogo.jpg?fit=300%2C200&ssl=1\",\"contentUrl\":\"https:\\\/\\\/i0.wp.com\\\/www.swiss-driving-school.ch\\\/wp-content\\\/uploads\\\/2015\\\/06\\\/HomeLogo.jpg?fit=300%2C200&ssl=1\",\"width\":300,\"height\":200,\"caption\":\"Swiss Driving School\"},\"image\":{\"@id\":\"https:\\\/\\\/www.swiss-driving-school.ch\\\/#\\\/schema\\\/logo\\\/image\\\/\"}}]}<\/script>\n<!-- \/ Yoast SEO Premium plugin. -->","yoast_head_json":{"title":"Fahrlehrer und CZV Weiterbildungen Z\u00fcrich","description":"Professionelle Weiterbildung f\u00fcr Fahrlehrer , LKW, Motorrad, Auto , CZV Kurse und Fahrtrainings in Z\u00fcrich , Jetzt Kurse buchen","robots":{"index":"index","follow":"follow","max-snippet":"max-snippet:-1","max-image-preview":"max-image-preview:large","max-video-preview":"max-video-preview:-1"},"canonical":"https:\/\/www.swiss-driving-school.ch\/?page_id=2559","og_locale":"de_DE","og_type":"article","og_title":"Fahrlehrer & CZV Weiterbildungen Z\u00fcrich","og_description":"Deine Experten f\u00fcr professionelle Weiterbildungen,Ob Fahrlehrer- Kurse , CZV- Weiterbildungen oder Fahrtrainings - wir bringendich sicher weiter . Jetzt informieren & anmelden","og_url":"https:\/\/www.swiss-driving-school.ch\/?page_id=2559","og_site_name":"Swiss Driving School","article_modified_time":"2026-02-03T13:17:13+00:00","og_image":[{"url":"https:\/\/www.swiss-driving-school.ch\/wp-content\/uploads\/2023\/12\/FL-GR-1024x1024.jpg","type":"","width":"","height":""}],"twitter_card":"summary_large_image","twitter_title":"Weiterbildung","twitter_misc":{"Gesch\u00e4tzte Lesezeit":"1\u00a0Minute"},"schema":{"@context":"https:\/\/schema.org","@graph":[{"@type":"WebPage","@id":"https:\/\/www.swiss-driving-school.ch\/?page_id=2559","url":"https:\/\/www.swiss-driving-school.ch\/?page_id=2559","name":"Fahrlehrer und CZV Weiterbildungen Z\u00fcrich","isPartOf":{"@id":"https:\/\/www.swiss-driving-school.ch\/#website"},"primaryImageOfPage":{"@id":"https:\/\/www.swiss-driving-school.ch\/?page_id=2559#primaryimage"},"image":{"@id":"https:\/\/www.swiss-driving-school.ch\/?page_id=2559#primaryimage"},"thumbnailUrl":"https:\/\/www.swiss-driving-school.ch\/wp-content\/uploads\/2023\/12\/FL-GR-1024x1024.jpg","datePublished":"2023-12-09T16:05:25+00:00","dateModified":"2026-02-03T13:17:13+00:00","description":"Professionelle Weiterbildung f\u00fcr Fahrlehrer , LKW, Motorrad, Auto , CZV Kurse und Fahrtrainings in Z\u00fcrich , Jetzt Kurse buchen","breadcrumb":{"@id":"https:\/\/www.swiss-driving-school.ch\/?page_id=2559#breadcrumb"},"inLanguage":"de","potentialAction":[{"@type":"ReadAction","target":["https:\/\/www.swiss-driving-school.ch\/?page_id=2559"]}]},{"@type":"ImageObject","inLanguage":"de","@id":"https:\/\/www.swiss-driving-school.ch\/?page_id=2559#primaryimage","url":"https:\/\/i0.wp.com\/www.swiss-driving-school.ch\/wp-content\/uploads\/2023\/12\/FL-GR.jpg?fit=350%2C306&ssl=1","contentUrl":"https:\/\/i0.wp.com\/www.swiss-driving-school.ch\/wp-content\/uploads\/2023\/12\/FL-GR.jpg?fit=350%2C306&ssl=1","width":350,"height":306},{"@type":"BreadcrumbList","@id":"https:\/\/www.swiss-driving-school.ch\/?page_id=2559#breadcrumb","itemListElement":[{"@type":"ListItem","position":1,"name":"Startseite","item":"https:\/\/www.swiss-driving-school.ch\/"},{"@type":"ListItem","position":2,"name":"Weiterbildung"}]},{"@type":"WebSite","@id":"https:\/\/www.swiss-driving-school.ch\/#website","url":"https:\/\/www.swiss-driving-school.ch\/","name":"Swiss Driving School","description":"Fahrschule","publisher":{"@id":"https:\/\/www.swiss-driving-school.ch\/#organization"},"potentialAction":[{"@type":"SearchAction","target":{"@type":"EntryPoint","urlTemplate":"https:\/\/www.swiss-driving-school.ch\/?s={search_term_string}"},"query-input":{"@type":"PropertyValueSpecification","valueRequired":true,"valueName":"search_term_string"}}],"inLanguage":"de"},{"@type":"Organization","@id":"https:\/\/www.swiss-driving-school.ch\/#organization","name":"Swiss Driving School","url":"https:\/\/www.swiss-driving-school.ch\/","logo":{"@type":"ImageObject","inLanguage":"de","@id":"https:\/\/www.swiss-driving-school.ch\/#\/schema\/logo\/image\/","url":"https:\/\/i0.wp.com\/www.swiss-driving-school.ch\/wp-content\/uploads\/2015\/06\/HomeLogo.jpg?fit=300%2C200&ssl=1","contentUrl":"https:\/\/i0.wp.com\/www.swiss-driving-school.ch\/wp-content\/uploads\/2015\/06\/HomeLogo.jpg?fit=300%2C200&ssl=1","width":300,"height":200,"caption":"Swiss Driving School"},"image":{"@id":"https:\/\/www.swiss-driving-school.ch\/#\/schema\/logo\/image\/"}}]}},"jetpack_sharing_enabled":true,"jetpack_shortlink":"https:\/\/wp.me\/P7nbKh-Fh","_links":{"self":[{"href":"https:\/\/www.swiss-driving-school.ch\/index.php?rest_route=\/wp\/v2\/pages\/2559","targetHints":{"allow":["GET"]}}],"collection":[{"href":"https:\/\/www.swiss-driving-school.ch\/index.php?rest_route=\/wp\/v2\/pages"}],"about":[{"href":"https:\/\/www.swiss-driving-school.ch\/index.php?rest_route=\/wp\/v2\/types\/page"}],"author":[{"embeddable":true,"href":"https:\/\/www.swiss-driving-school.ch\/index.php?rest_route=\/wp\/v2\/users\/1"}],"replies":[{"embeddable":true,"href":"https:\/\/www.swiss-driving-school.ch\/index.php?rest_route=%2Fwp%2Fv2%2Fcomments&post=2559"}],"version-history":[{"count":19,"href":"https:\/\/www.swiss-driving-school.ch\/index.php?rest_route=\/wp\/v2\/pages\/2559\/revisions"}],"predecessor-version":[{"id":4009,"href":"https:\/\/www.swiss-driving-school.ch\/index.php?rest_route=\/wp\/v2\/pages\/2559\/revisions\/4009"}],"wp:attachment":[{"href":"https:\/\/www.swiss-driving-school.ch\/index.php?rest_route=%2Fwp%2Fv2%2Fmedia&parent=2559"}],"curies":[{"name":"wp","href":"https:\/\/api.w.org\/{rel}","templated":true}]}}