{"id":2467,"date":"2023-04-11T23:33:37","date_gmt":"2023-04-11T21:33:37","guid":{"rendered":"https:\/\/www.swiss-driving-school.ch\/?page_id=2467"},"modified":"2025-11-11T11:20:47","modified_gmt":"2025-11-11T10:20:47","slug":"fahrschule-aller-kategorien-auo-lkw-motorrad-anhaenger-taxi","status":"publish","type":"page","link":"https:\/\/www.swiss-driving-school.ch\/?page_id=2467","title":{"rendered":"Kategorien"},"content":{"rendered":"\n<p><\/p>\n\n\n\n<hr class=\"wp-block-separator has-alpha-channel-opacity\"\/>\n\n\n\n<h2 class=\"wp-block-heading\" id=\"h-herzlich-willkommen-auf-unserer-ausbildungsseite\">Herzlich Willkommen auf unserer Ausbildungsseite<\/h2>\n\n\n\n<p>Hier erf\u00e4hrst du alles \u00fcber die verschiedenen Kategorien, die du bei uns erlernen kannst. Wir bieten Schulungen f\u00fcr alle Kategorien an!<\/p>\n\n\n\n<p>Egal, ob du mit 16 Jahren die Kategorie A1 f\u00fcr Motorr\u00e4der (125ccm) erlernen m\u00f6chtest oder dich f\u00fcr die anspruchsvollere Kategorie A entscheidest, wir sind im Motorradbereich f\u00fcr dich da. Wenn du dich daf\u00fcr entscheidest, den F\u00fchrerausweis der Kategorie B \/ Auto  zu machen, bieten wir sowohl die herausfordernde Variante mit Schaltung als auch die etwas einfachere Variante mit Automatik an.<\/p>\n\n\n\n<p>Wenn du auf der Suche nach einer noch anspruchsvolleren Ausbildung bist, bieten wir auch Schulungen f\u00fcr den F\u00fchrerpr\u00fcfung  der Kategorie  D (Gesellschaftswagen) oder den Personenbef\u00f6rderung BPT (Taxi, Schulbus Kategorie  121 oder 122) an. Das ist der ideale Weg, um in ein neues Berufsfeld einzutauchen!<\/p>\n\n\n\n<p>Dar\u00fcber hinaus steht dir bei uns auch die M\u00f6glichkeit offen, die Kategorie C LKW  oder den Anh\u00e4nger der Kategorie BE \/ CE (f\u00fcr Pkw und Lkw) zu erwerben.<\/p>\n\n\n\n<p>Wir freuen uns darauf, dich auf deinem Weg zum F\u00fchrerschein zu begleiten!<\/p>\n\n\n\n<p><\/p>\n","protected":false},"excerpt":{"rendered":"<p>Herzlich Willkommen auf unserer Ausbildungsseite Hier erf\u00e4hrst du alles \u00fcber die verschiedenen Kategorien, die du bei uns erlernen kannst. Wir bieten Schulungen f\u00fcr alle Kategorien an! Egal, ob du mit 16 Jahren die Kategorie A1 f\u00fcr Motorr\u00e4der (125ccm) erlernen m\u00f6chtest oder dich f\u00fcr die anspruchsvollere Kategorie A entscheidest, wir sind im Motorradbereich f\u00fcr dich da. [&hellip;]<\/p>\n","protected":false},"author":1,"featured_media":0,"parent":0,"menu_order":0,"comment_status":"closed","ping_status":"closed","template":"","meta":{"ngg_post_thumbnail":0,"jetpack_post_was_ever_published":false,"footnotes":""},"class_list":["post-2467","page","type-page","status-publish","hentry"],"yoast_head":"<!-- This site is optimized with the Yoast SEO Premium plugin v27.2 (Yoast SEO v27.3) - https:\/\/yoast.com\/product\/yoast-seo-premium-wordpress\/ -->\n<title>Kategorien - Swiss Driving School<\/title>\n<meta name=\"description\" content=\"Auto Fahrschule , Motorrad Fahrschule, LKW Fahrschule, Anh\u00e4nger Fahrschule, Alle Kategorien Fahrschule, Car Fahrschule,Baden, B\u00fclach, Bassersdorf, Regensdorf,\" \/>\n<meta name=\"robots\" content=\"index, follow, max-snippet:-1, max-image-preview:large, max-video-preview:-1\" \/>\n<link rel=\"canonical\" href=\"https:\/\/www.swiss-driving-school.ch\/?page_id=2467\" \/>\n<meta property=\"og:locale\" content=\"de_DE\" \/>\n<meta property=\"og:type\" content=\"article\" \/>\n<meta property=\"og:title\" content=\"Kategorien Fahrschule aller Kategorien, Fahrlehrer aller Kategorien, Auto Fahrschule, Motorrad Fahrschule, Lkw Fahrschule,\" \/>\n<meta property=\"og:description\" content=\"Autofahrschule, Motorradfahrschule, LKWFahrschule, Anh\u00e4ngerfahrschule, Taxifahrschule, FahrlehrerB, FahrlehreC, FahrlehrerBE, FahrlehrerD, Fahrlehrer,CE, Z\u00fcrich, Regensdorf, Bassersdorf, Baden, Wettingen, Kloten , B\u00fclach\" \/>\n<meta property=\"og:url\" content=\"https:\/\/www.swiss-driving-school.ch\/?page_id=2467\" \/>\n<meta property=\"og:site_name\" content=\"Swiss Driving School\" \/>\n<meta property=\"article:modified_time\" content=\"2025-11-11T10:20:47+00:00\" \/>\n<meta name=\"twitter:card\" content=\"summary_large_image\" \/>\n<meta name=\"twitter:title\" content=\"Kategorien\" \/>\n<meta name=\"twitter:label1\" content=\"Gesch\u00e4tzte Lesezeit\" \/>\n\t<meta name=\"twitter:data1\" content=\"1\u00a0Minute\" \/>\n<script type=\"application\/ld+json\" class=\"yoast-schema-graph\">{\"@context\":\"https:\\\/\\\/schema.org\",\"@graph\":[{\"@type\":\"WebPage\",\"@id\":\"https:\\\/\\\/www.swiss-driving-school.ch\\\/?page_id=2467\",\"url\":\"https:\\\/\\\/www.swiss-driving-school.ch\\\/?page_id=2467\",\"name\":\"Kategorien - Swiss Driving School\",\"isPartOf\":{\"@id\":\"https:\\\/\\\/www.swiss-driving-school.ch\\\/#website\"},\"datePublished\":\"2023-04-11T21:33:37+00:00\",\"dateModified\":\"2025-11-11T10:20:47+00:00\",\"description\":\"Auto Fahrschule , Motorrad Fahrschule, LKW Fahrschule, Anh\u00e4nger Fahrschule, Alle Kategorien Fahrschule, Car Fahrschule,Baden, B\u00fclach, Bassersdorf, Regensdorf,\",\"breadcrumb\":{\"@id\":\"https:\\\/\\\/www.swiss-driving-school.ch\\\/?page_id=2467#breadcrumb\"},\"inLanguage\":\"de\",\"potentialAction\":[{\"@type\":\"ReadAction\",\"target\":[\"https:\\\/\\\/www.swiss-driving-school.ch\\\/?page_id=2467\"]}]},{\"@type\":\"BreadcrumbList\",\"@id\":\"https:\\\/\\\/www.swiss-driving-school.ch\\\/?page_id=2467#breadcrumb\",\"itemListElement\":[{\"@type\":\"ListItem\",\"position\":1,\"name\":\"Startseite\",\"item\":\"https:\\\/\\\/www.swiss-driving-school.ch\\\/\"},{\"@type\":\"ListItem\",\"position\":2,\"name\":\"Kategorien\"}]},{\"@type\":\"WebSite\",\"@id\":\"https:\\\/\\\/www.swiss-driving-school.ch\\\/#website\",\"url\":\"https:\\\/\\\/www.swiss-driving-school.ch\\\/\",\"name\":\"Swiss Driving School\",\"description\":\"Fahrschule\",\"publisher\":{\"@id\":\"https:\\\/\\\/www.swiss-driving-school.ch\\\/#organization\"},\"potentialAction\":[{\"@type\":\"SearchAction\",\"target\":{\"@type\":\"EntryPoint\",\"urlTemplate\":\"https:\\\/\\\/www.swiss-driving-school.ch\\\/?s={search_term_string}\"},\"query-input\":{\"@type\":\"PropertyValueSpecification\",\"valueRequired\":true,\"valueName\":\"search_term_string\"}}],\"inLanguage\":\"de\"},{\"@type\":\"Organization\",\"@id\":\"https:\\\/\\\/www.swiss-driving-school.ch\\\/#organization\",\"name\":\"Swiss Driving School\",\"url\":\"https:\\\/\\\/www.swiss-driving-school.ch\\\/\",\"logo\":{\"@type\":\"ImageObject\",\"inLanguage\":\"de\",\"@id\":\"https:\\\/\\\/www.swiss-driving-school.ch\\\/#\\\/schema\\\/logo\\\/image\\\/\",\"url\":\"https:\\\/\\\/i0.wp.com\\\/www.swiss-driving-school.ch\\\/wp-content\\\/uploads\\\/2015\\\/06\\\/HomeLogo.jpg?fit=300%2C200&ssl=1\",\"contentUrl\":\"https:\\\/\\\/i0.wp.com\\\/www.swiss-driving-school.ch\\\/wp-content\\\/uploads\\\/2015\\\/06\\\/HomeLogo.jpg?fit=300%2C200&ssl=1\",\"width\":300,\"height\":200,\"caption\":\"Swiss Driving School\"},\"image\":{\"@id\":\"https:\\\/\\\/www.swiss-driving-school.ch\\\/#\\\/schema\\\/logo\\\/image\\\/\"}}]}<\/script>\n<!-- \/ Yoast SEO Premium plugin. -->","yoast_head_json":{"title":"Kategorien - Swiss Driving School","description":"Auto Fahrschule , Motorrad Fahrschule, LKW Fahrschule, Anh\u00e4nger Fahrschule, Alle Kategorien Fahrschule, Car Fahrschule,Baden, B\u00fclach, Bassersdorf, Regensdorf,","robots":{"index":"index","follow":"follow","max-snippet":"max-snippet:-1","max-image-preview":"max-image-preview:large","max-video-preview":"max-video-preview:-1"},"canonical":"https:\/\/www.swiss-driving-school.ch\/?page_id=2467","og_locale":"de_DE","og_type":"article","og_title":"Kategorien Fahrschule aller Kategorien, Fahrlehrer aller Kategorien, Auto Fahrschule, Motorrad Fahrschule, Lkw Fahrschule,","og_description":"Autofahrschule, Motorradfahrschule, LKWFahrschule, Anh\u00e4ngerfahrschule, Taxifahrschule, FahrlehrerB, FahrlehreC, FahrlehrerBE, FahrlehrerD, Fahrlehrer,CE, Z\u00fcrich, Regensdorf, Bassersdorf, Baden, Wettingen, Kloten , B\u00fclach","og_url":"https:\/\/www.swiss-driving-school.ch\/?page_id=2467","og_site_name":"Swiss Driving School","article_modified_time":"2025-11-11T10:20:47+00:00","twitter_card":"summary_large_image","twitter_title":"Kategorien","twitter_misc":{"Gesch\u00e4tzte Lesezeit":"1\u00a0Minute"},"schema":{"@context":"https:\/\/schema.org","@graph":[{"@type":"WebPage","@id":"https:\/\/www.swiss-driving-school.ch\/?page_id=2467","url":"https:\/\/www.swiss-driving-school.ch\/?page_id=2467","name":"Kategorien - Swiss Driving School","isPartOf":{"@id":"https:\/\/www.swiss-driving-school.ch\/#website"},"datePublished":"2023-04-11T21:33:37+00:00","dateModified":"2025-11-11T10:20:47+00:00","description":"Auto Fahrschule , Motorrad Fahrschule, LKW Fahrschule, Anh\u00e4nger Fahrschule, Alle Kategorien Fahrschule, Car Fahrschule,Baden, B\u00fclach, Bassersdorf, Regensdorf,","breadcrumb":{"@id":"https:\/\/www.swiss-driving-school.ch\/?page_id=2467#breadcrumb"},"inLanguage":"de","potentialAction":[{"@type":"ReadAction","target":["https:\/\/www.swiss-driving-school.ch\/?page_id=2467"]}]},{"@type":"BreadcrumbList","@id":"https:\/\/www.swiss-driving-school.ch\/?page_id=2467#breadcrumb","itemListElement":[{"@type":"ListItem","position":1,"name":"Startseite","item":"https:\/\/www.swiss-driving-school.ch\/"},{"@type":"ListItem","position":2,"name":"Kategorien"}]},{"@type":"WebSite","@id":"https:\/\/www.swiss-driving-school.ch\/#website","url":"https:\/\/www.swiss-driving-school.ch\/","name":"Swiss Driving School","description":"Fahrschule","publisher":{"@id":"https:\/\/www.swiss-driving-school.ch\/#organization"},"potentialAction":[{"@type":"SearchAction","target":{"@type":"EntryPoint","urlTemplate":"https:\/\/www.swiss-driving-school.ch\/?s={search_term_string}"},"query-input":{"@type":"PropertyValueSpecification","valueRequired":true,"valueName":"search_term_string"}}],"inLanguage":"de"},{"@type":"Organization","@id":"https:\/\/www.swiss-driving-school.ch\/#organization","name":"Swiss Driving School","url":"https:\/\/www.swiss-driving-school.ch\/","logo":{"@type":"ImageObject","inLanguage":"de","@id":"https:\/\/www.swiss-driving-school.ch\/#\/schema\/logo\/image\/","url":"https:\/\/i0.wp.com\/www.swiss-driving-school.ch\/wp-content\/uploads\/2015\/06\/HomeLogo.jpg?fit=300%2C200&ssl=1","contentUrl":"https:\/\/i0.wp.com\/www.swiss-driving-school.ch\/wp-content\/uploads\/2015\/06\/HomeLogo.jpg?fit=300%2C200&ssl=1","width":300,"height":200,"caption":"Swiss Driving School"},"image":{"@id":"https:\/\/www.swiss-driving-school.ch\/#\/schema\/logo\/image\/"}}]}},"jetpack_sharing_enabled":true,"jetpack_shortlink":"https:\/\/wp.me\/P7nbKh-DN","_links":{"self":[{"href":"https:\/\/www.swiss-driving-school.ch\/index.php?rest_route=\/wp\/v2\/pages\/2467","targetHints":{"allow":["GET"]}}],"collection":[{"href":"https:\/\/www.swiss-driving-school.ch\/index.php?rest_route=\/wp\/v2\/pages"}],"about":[{"href":"https:\/\/www.swiss-driving-school.ch\/index.php?rest_route=\/wp\/v2\/types\/page"}],"author":[{"embeddable":true,"href":"https:\/\/www.swiss-driving-school.ch\/index.php?rest_route=\/wp\/v2\/users\/1"}],"replies":[{"embeddable":true,"href":"https:\/\/www.swiss-driving-school.ch\/index.php?rest_route=%2Fwp%2Fv2%2Fcomments&post=2467"}],"version-history":[{"count":5,"href":"https:\/\/www.swiss-driving-school.ch\/index.php?rest_route=\/wp\/v2\/pages\/2467\/revisions"}],"predecessor-version":[{"id":3729,"href":"https:\/\/www.swiss-driving-school.ch\/index.php?rest_route=\/wp\/v2\/pages\/2467\/revisions\/3729"}],"wp:attachment":[{"href":"https:\/\/www.swiss-driving-school.ch\/index.php?rest_route=%2Fwp%2Fv2%2Fmedia&parent=2467"}],"curies":[{"name":"wp","href":"https:\/\/api.w.org\/{rel}","templated":true}]}}