{"id":2457,"date":"2023-04-11T18:53:03","date_gmt":"2023-04-11T16:53:03","guid":{"rendered":"https:\/\/www.swiss-driving-school.ch\/?page_id=2457"},"modified":"2025-10-14T09:13:06","modified_gmt":"2025-10-14T07:13:06","slug":"standorte-der-fahrschule-in-und-um-zuerich-individuelle-abholung","status":"publish","type":"page","link":"https:\/\/www.swiss-driving-school.ch\/?page_id=2457","title":{"rendered":"Standorte"},"content":{"rendered":"\n<p><strong>Die Swiss Driving School holt Ihre Sch\u00fcler Individuell  ab : <\/strong><\/p>\n\n\n\n<p>Oerlikon , Kloten , B\u00fclach , Niederhasli , R\u00fcmlang , Bassersdorf , Wallisellen , Glattbrugg ,Flughafen, Z\u00fcrich Affoltern, Regensdorf, Watt, Wettingen, Baden, Spreitenbach, Neuenhof, W\u00fcrenlos, <\/p>\n\n\n\n<p><\/p>\n\n\n\n<p><\/p>\n\n\n\n<p><\/p>\n\n\n\n<p><\/p>\n","protected":false},"excerpt":{"rendered":"<p>Die Swiss Driving School holt Ihre Sch\u00fcler Individuell ab : Oerlikon , Kloten , B\u00fclach , Niederhasli , R\u00fcmlang , Bassersdorf , Wallisellen , Glattbrugg ,Flughafen, Z\u00fcrich Affoltern, Regensdorf, Watt, Wettingen, Baden, Spreitenbach, Neuenhof, W\u00fcrenlos,<\/p>\n","protected":false},"author":1,"featured_media":0,"parent":0,"menu_order":0,"comment_status":"closed","ping_status":"closed","template":"","meta":{"ngg_post_thumbnail":0,"jetpack_post_was_ever_published":false,"footnotes":""},"class_list":["post-2457","page","type-page","status-publish","hentry"],"yoast_head":"<!-- This site is optimized with the Yoast SEO Premium plugin v27.3 (Yoast SEO v27.5) - https:\/\/yoast.com\/product\/yoast-seo-premium-wordpress\/ -->\n<title>Standorte - Swiss Driving School<\/title>\n<meta name=\"description\" content=\"Fahrschule Z\u00fcrich , Fahrschule B\u00fclach, Fahrschule Oerlikon, Fahrschule Bassersdorf, Fahrschule R\u00fcmlang, Fahrschule Glattal, , Fahrschule Unterland,Fahrschule Aargau, Fahrschule Wettingen, Fahrschule Baden, Fahrschule Regensdorf\" \/>\n<meta name=\"robots\" content=\"index, follow, max-snippet:-1, max-image-preview:large, max-video-preview:-1\" \/>\n<link rel=\"canonical\" href=\"https:\/\/www.swiss-driving-school.ch\/?page_id=2457\" \/>\n<meta property=\"og:locale\" content=\"de_DE\" \/>\n<meta property=\"og:type\" content=\"article\" \/>\n<meta property=\"og:title\" content=\"Standorte Fahrschule in und um Z\u00fcrich, Individuelle Standorte , Sch\u00fcler wird individuell Abgeholt in und um Z\u00fcrich , Aargau\" \/>\n<meta property=\"og:description\" content=\"Fahrschule in und um Z\u00fcrich, Oerlikon , Kloten , B\u00fclach , Niederhasli , R\u00fcmlang , Bassersdorf , Wallisellen , Glattbrugg ,Flughafen, Z\u00fcrich Affoltern, Regensdorf, Watt, Wettingen, Baden, Spreitenbach, Neuenhof, W\u00fcrenlos,\" \/>\n<meta property=\"og:url\" content=\"https:\/\/www.swiss-driving-school.ch\/?page_id=2457\" \/>\n<meta property=\"og:site_name\" content=\"Swiss Driving School\" \/>\n<meta property=\"article:modified_time\" content=\"2025-10-14T07:13:06+00:00\" \/>\n<meta name=\"twitter:card\" content=\"summary_large_image\" \/>\n<meta name=\"twitter:title\" content=\"Standorte\" \/>\n<meta name=\"twitter:label1\" content=\"Gesch\u00e4tzte Lesezeit\" \/>\n\t<meta name=\"twitter:data1\" content=\"1\u00a0Minute\" \/>\n<script type=\"application\/ld+json\" class=\"yoast-schema-graph\">{\"@context\":\"https:\\\/\\\/schema.org\",\"@graph\":[{\"@type\":\"WebPage\",\"@id\":\"https:\\\/\\\/www.swiss-driving-school.ch\\\/?page_id=2457\",\"url\":\"https:\\\/\\\/www.swiss-driving-school.ch\\\/?page_id=2457\",\"name\":\"Standorte - Swiss Driving School\",\"isPartOf\":{\"@id\":\"https:\\\/\\\/www.swiss-driving-school.ch\\\/#website\"},\"datePublished\":\"2023-04-11T16:53:03+00:00\",\"dateModified\":\"2025-10-14T07:13:06+00:00\",\"description\":\"Fahrschule Z\u00fcrich , Fahrschule B\u00fclach, Fahrschule Oerlikon, Fahrschule Bassersdorf, Fahrschule R\u00fcmlang, Fahrschule Glattal, , Fahrschule Unterland,Fahrschule Aargau, Fahrschule Wettingen, Fahrschule Baden, Fahrschule Regensdorf\",\"breadcrumb\":{\"@id\":\"https:\\\/\\\/www.swiss-driving-school.ch\\\/?page_id=2457#breadcrumb\"},\"inLanguage\":\"de\",\"potentialAction\":[{\"@type\":\"ReadAction\",\"target\":[\"https:\\\/\\\/www.swiss-driving-school.ch\\\/?page_id=2457\"]}]},{\"@type\":\"BreadcrumbList\",\"@id\":\"https:\\\/\\\/www.swiss-driving-school.ch\\\/?page_id=2457#breadcrumb\",\"itemListElement\":[{\"@type\":\"ListItem\",\"position\":1,\"name\":\"Startseite\",\"item\":\"https:\\\/\\\/www.swiss-driving-school.ch\\\/\"},{\"@type\":\"ListItem\",\"position\":2,\"name\":\"Standorte\"}]},{\"@type\":\"WebSite\",\"@id\":\"https:\\\/\\\/www.swiss-driving-school.ch\\\/#website\",\"url\":\"https:\\\/\\\/www.swiss-driving-school.ch\\\/\",\"name\":\"Swiss Driving School\",\"description\":\"Fahrschule\",\"publisher\":{\"@id\":\"https:\\\/\\\/www.swiss-driving-school.ch\\\/#organization\"},\"potentialAction\":[{\"@type\":\"SearchAction\",\"target\":{\"@type\":\"EntryPoint\",\"urlTemplate\":\"https:\\\/\\\/www.swiss-driving-school.ch\\\/?s={search_term_string}\"},\"query-input\":{\"@type\":\"PropertyValueSpecification\",\"valueRequired\":true,\"valueName\":\"search_term_string\"}}],\"inLanguage\":\"de\"},{\"@type\":\"Organization\",\"@id\":\"https:\\\/\\\/www.swiss-driving-school.ch\\\/#organization\",\"name\":\"Swiss Driving School\",\"url\":\"https:\\\/\\\/www.swiss-driving-school.ch\\\/\",\"logo\":{\"@type\":\"ImageObject\",\"inLanguage\":\"de\",\"@id\":\"https:\\\/\\\/www.swiss-driving-school.ch\\\/#\\\/schema\\\/logo\\\/image\\\/\",\"url\":\"https:\\\/\\\/i0.wp.com\\\/www.swiss-driving-school.ch\\\/wp-content\\\/uploads\\\/2015\\\/06\\\/HomeLogo.jpg?fit=300%2C200&ssl=1\",\"contentUrl\":\"https:\\\/\\\/i0.wp.com\\\/www.swiss-driving-school.ch\\\/wp-content\\\/uploads\\\/2015\\\/06\\\/HomeLogo.jpg?fit=300%2C200&ssl=1\",\"width\":300,\"height\":200,\"caption\":\"Swiss Driving School\"},\"image\":{\"@id\":\"https:\\\/\\\/www.swiss-driving-school.ch\\\/#\\\/schema\\\/logo\\\/image\\\/\"}}]}<\/script>\n<!-- \/ Yoast SEO Premium plugin. -->","yoast_head_json":{"title":"Standorte - Swiss Driving School","description":"Fahrschule Z\u00fcrich , Fahrschule B\u00fclach, Fahrschule Oerlikon, Fahrschule Bassersdorf, Fahrschule R\u00fcmlang, Fahrschule Glattal, , Fahrschule Unterland,Fahrschule Aargau, Fahrschule Wettingen, Fahrschule Baden, Fahrschule Regensdorf","robots":{"index":"index","follow":"follow","max-snippet":"max-snippet:-1","max-image-preview":"max-image-preview:large","max-video-preview":"max-video-preview:-1"},"canonical":"https:\/\/www.swiss-driving-school.ch\/?page_id=2457","og_locale":"de_DE","og_type":"article","og_title":"Standorte Fahrschule in und um Z\u00fcrich, Individuelle Standorte , Sch\u00fcler wird individuell Abgeholt in und um Z\u00fcrich , Aargau","og_description":"Fahrschule in und um Z\u00fcrich, Oerlikon , Kloten , B\u00fclach , Niederhasli , R\u00fcmlang , Bassersdorf , Wallisellen , Glattbrugg ,Flughafen, Z\u00fcrich Affoltern, Regensdorf, Watt, Wettingen, Baden, Spreitenbach, Neuenhof, W\u00fcrenlos,","og_url":"https:\/\/www.swiss-driving-school.ch\/?page_id=2457","og_site_name":"Swiss Driving School","article_modified_time":"2025-10-14T07:13:06+00:00","twitter_card":"summary_large_image","twitter_title":"Standorte","twitter_misc":{"Gesch\u00e4tzte Lesezeit":"1\u00a0Minute"},"schema":{"@context":"https:\/\/schema.org","@graph":[{"@type":"WebPage","@id":"https:\/\/www.swiss-driving-school.ch\/?page_id=2457","url":"https:\/\/www.swiss-driving-school.ch\/?page_id=2457","name":"Standorte - Swiss Driving School","isPartOf":{"@id":"https:\/\/www.swiss-driving-school.ch\/#website"},"datePublished":"2023-04-11T16:53:03+00:00","dateModified":"2025-10-14T07:13:06+00:00","description":"Fahrschule Z\u00fcrich , Fahrschule B\u00fclach, Fahrschule Oerlikon, Fahrschule Bassersdorf, Fahrschule R\u00fcmlang, Fahrschule Glattal, , Fahrschule Unterland,Fahrschule Aargau, Fahrschule Wettingen, Fahrschule Baden, Fahrschule Regensdorf","breadcrumb":{"@id":"https:\/\/www.swiss-driving-school.ch\/?page_id=2457#breadcrumb"},"inLanguage":"de","potentialAction":[{"@type":"ReadAction","target":["https:\/\/www.swiss-driving-school.ch\/?page_id=2457"]}]},{"@type":"BreadcrumbList","@id":"https:\/\/www.swiss-driving-school.ch\/?page_id=2457#breadcrumb","itemListElement":[{"@type":"ListItem","position":1,"name":"Startseite","item":"https:\/\/www.swiss-driving-school.ch\/"},{"@type":"ListItem","position":2,"name":"Standorte"}]},{"@type":"WebSite","@id":"https:\/\/www.swiss-driving-school.ch\/#website","url":"https:\/\/www.swiss-driving-school.ch\/","name":"Swiss Driving School","description":"Fahrschule","publisher":{"@id":"https:\/\/www.swiss-driving-school.ch\/#organization"},"potentialAction":[{"@type":"SearchAction","target":{"@type":"EntryPoint","urlTemplate":"https:\/\/www.swiss-driving-school.ch\/?s={search_term_string}"},"query-input":{"@type":"PropertyValueSpecification","valueRequired":true,"valueName":"search_term_string"}}],"inLanguage":"de"},{"@type":"Organization","@id":"https:\/\/www.swiss-driving-school.ch\/#organization","name":"Swiss Driving School","url":"https:\/\/www.swiss-driving-school.ch\/","logo":{"@type":"ImageObject","inLanguage":"de","@id":"https:\/\/www.swiss-driving-school.ch\/#\/schema\/logo\/image\/","url":"https:\/\/i0.wp.com\/www.swiss-driving-school.ch\/wp-content\/uploads\/2015\/06\/HomeLogo.jpg?fit=300%2C200&ssl=1","contentUrl":"https:\/\/i0.wp.com\/www.swiss-driving-school.ch\/wp-content\/uploads\/2015\/06\/HomeLogo.jpg?fit=300%2C200&ssl=1","width":300,"height":200,"caption":"Swiss Driving School"},"image":{"@id":"https:\/\/www.swiss-driving-school.ch\/#\/schema\/logo\/image\/"}}]}},"jetpack_sharing_enabled":true,"jetpack_shortlink":"https:\/\/wp.me\/P7nbKh-DD","_links":{"self":[{"href":"https:\/\/www.swiss-driving-school.ch\/index.php?rest_route=\/wp\/v2\/pages\/2457","targetHints":{"allow":["GET"]}}],"collection":[{"href":"https:\/\/www.swiss-driving-school.ch\/index.php?rest_route=\/wp\/v2\/pages"}],"about":[{"href":"https:\/\/www.swiss-driving-school.ch\/index.php?rest_route=\/wp\/v2\/types\/page"}],"author":[{"embeddable":true,"href":"https:\/\/www.swiss-driving-school.ch\/index.php?rest_route=\/wp\/v2\/users\/1"}],"replies":[{"embeddable":true,"href":"https:\/\/www.swiss-driving-school.ch\/index.php?rest_route=%2Fwp%2Fv2%2Fcomments&post=2457"}],"version-history":[{"count":4,"href":"https:\/\/www.swiss-driving-school.ch\/index.php?rest_route=\/wp\/v2\/pages\/2457\/revisions"}],"predecessor-version":[{"id":3656,"href":"https:\/\/www.swiss-driving-school.ch\/index.php?rest_route=\/wp\/v2\/pages\/2457\/revisions\/3656"}],"wp:attachment":[{"href":"https:\/\/www.swiss-driving-school.ch\/index.php?rest_route=%2Fwp%2Fv2%2Fmedia&parent=2457"}],"curies":[{"name":"wp","href":"https:\/\/api.w.org\/{rel}","templated":true}]}}